{"id":3918,"date":"2024-04-04T15:38:42","date_gmt":"2024-04-04T14:38:42","guid":{"rendered":"https:\/\/www.lepradinas.fr\/fine-dinnig\/"},"modified":"2024-04-04T15:38:43","modified_gmt":"2024-04-04T14:38:43","slug":"fine-dinnig","status":"publish","type":"page","link":"https:\/\/www.lepradinas.fr\/en\/fine-dinnig\/","title":{"rendered":"Fine dinnig"},"content":{"rendered":"<p>[et_pb_section fb_built=&#8221;1&#8243; fullwidth=&#8221;on&#8221; _builder_version=&#8221;4.9.4&#8243; _module_preset=&#8221;default&#8221; locked=&#8221;off&#8221;][et_pb_fullwidth_header title=&#8221;Find dinning in the C\u00e9vennes at the restaurant of Le Pradinas&#8221; module_id=&#8221;ild_entete_plein_ecran&#8221; module_class=&#8221;ild_titre_centre&#8221; _builder_version=&#8221;4.9.4&#8243; _module_preset=&#8221;default&#8221; background_enable_color=&#8221;off&#8221; background_image=&#8221;https:\/\/www.lepradinas.fr\/wp-content\/uploads\/2024\/02\/gastronomie.webp&#8221;][\/et_pb_fullwidth_header][\/et_pb_section][et_pb_section fb_built=&#8221;1&#8243; module_class=&#8221;ild_padding_150_0&#8243; _builder_version=&#8221;4.9.4&#8243; _module_preset=&#8221;default&#8221; locked=&#8221;off&#8221;][et_pb_row _builder_version=&#8221;4.9.4&#8243; _module_preset=&#8221;default&#8221; background_image=&#8221;https:\/\/www.lepradinas.fr\/wp-content\/uploads\/2024\/02\/fond-logo.webp&#8221; background_size=&#8221;contain&#8221;][et_pb_column type=&#8221;4_4&#8243; _builder_version=&#8221;4.9.4&#8243; _module_preset=&#8221;default&#8221;][et_pb_text _builder_version=&#8221;4.9.4&#8243; _module_preset=&#8221;default&#8221;]<\/p>\n<h2 style=\"text-align: center;\">A traditional kitchen, local products<\/h2>\n<p>[\/et_pb_text][et_pb_text _builder_version=&#8221;4.9.4&#8243; _module_preset=&#8221;default&#8221;]<\/p>\n<p style=\"text-align: center;\">The Pradinas restaurant features Antoine Plantier&#8217;s traditional family-style cuisine, prepared with local produce according to the season.<\/p>\n<p style=\"text-align: center;\">Maximal fresh thanks to &#8220;Grand-father&#8217;s vegetable garden&#8221; !<br \/>In the kitchen, you&#8217;ll find produce straight from our C\u00e9vennes vegetable garden on the estate (in summer).<\/p>\n<p style=\"text-align: center;\">Enjoy Cevennes specialities in our 18th-century Cevennes farmhouse, a former silkworm nursery.<\/p>\n<p style=\"text-align: center;\">We offer a choice of menus, <a href=\"https:\/\/lepradinas.fr\/menu_restaurant_gastronomie_cevenole\/\">an menu and a selection of regional wines from our cellar.<\/a><\/p>\n<p>[\/et_pb_text][et_pb_button button_url=&#8221;@ET-DC@eyJkeW5hbWljIjp0cnVlLCJjb250ZW50IjoicG9zdF9saW5rX3VybF9wYWdlIiwic2V0dGluZ3MiOnsicG9zdF9pZCI6IjYwIiwiZW5hYmxlX2h0bWwiOiJvZmYifX0=@&#8221; button_text=&#8221;Our menus&#8221; button_alignment=&#8221;center&#8221; module_class=&#8221;ild_bouton_marron&#8221; _builder_version=&#8221;4.9.4&#8243; _dynamic_attributes=&#8221;button_url&#8221; _module_preset=&#8221;default&#8221;][\/et_pb_button][\/et_pb_column][\/et_pb_row][\/et_pb_section][et_pb_section fb_built=&#8221;1&#8243; module_class=&#8221;ild_bg_gris_clair ild_padding_150_0&#8243; _builder_version=&#8221;4.9.4&#8243; _module_preset=&#8221;default&#8221; locked=&#8221;off&#8221;][et_pb_row column_structure=&#8221;1_2,1_2&#8243; module_class=&#8221;ild_ligne_plus_large ild_flex_ordi ild_align_center&#8221; _builder_version=&#8221;4.9.4&#8243; _module_preset=&#8221;default&#8221;][et_pb_column type=&#8221;1_2&#8243; _builder_version=&#8221;4.9.4&#8243; _module_preset=&#8221;default&#8221;][et_pb_gallery gallery_ids=&#8221;2781,2779,2795,2785,2787,2789,2791&#8243; fullwidth=&#8221;on&#8221; admin_label=&#8221;Galerie&#8221; _builder_version=&#8221;4.9.4&#8243; caption_all_caps=&#8221;off&#8221; auto=&#8221;on&#8221; auto_speed=&#8221;4000&#8243; use_border_color=&#8221;off&#8221; border_color=&#8221;#ffffff&#8221; border_style=&#8221;solid&#8221;][\/et_pb_gallery][\/et_pb_column][et_pb_column type=&#8221;1_2&#8243; module_class=&#8221;ild_bg_blanc ild_padding_50_20 ild_ombre_leger&#8221; _builder_version=&#8221;4.9.4&#8243; _module_preset=&#8221;default&#8221;][et_pb_text admin_label=&#8221;Texte&#8221; _builder_version=&#8221;4.9.4&#8243; background_size=&#8221;initial&#8221; background_position=&#8221;top_left&#8221; background_repeat=&#8221;repeat&#8221; use_border_color=&#8221;off&#8221; border_color=&#8221;#ffffff&#8221; border_style=&#8221;solid&#8221;]<\/p>\n<h2 style=\"text-align: center;\">A question ?<br \/>\nA reservation ?<\/h2>\n<p style=\"text-align: center;\">Wish you informations ?<br \/>\nTo do a reservation ?<\/p>\n<p class=\"ild_p_flex_2_boutons\"><a class=\"et_pb_button ild_bouton_marron\" href=\"https:\/\/www.lepradinas.fr\/en\/contact-hotel-restaurant-gard-cevennes-sud-france\/\">Contact us<\/a><a class=\"et_pb_button ild_bouton_reserver\" href=\"https:\/\/premium.logishotels.com\/fo\/booking\/233\/3401\/dates?specialMode=default&amp;langcode=FR&amp;custid=233&amp;hotelid=3401&amp;m=booking\" target=\"_blank\" rel=\"noopener\">Book online<\/a><\/p>\n<p>[\/et_pb_text][\/et_pb_column][\/et_pb_row][et_pb_row _builder_version=&#8221;4.9.4&#8243; _module_preset=&#8221;default&#8221; locked=&#8221;off&#8221;][et_pb_column type=&#8221;4_4&#8243; _builder_version=&#8221;4.9.4&#8243; _module_preset=&#8221;default&#8221;][et_pb_text module_class=&#8221;ild_citation&#8221; _builder_version=&#8221;4.9.4&#8243; _module_preset=&#8221;default&#8221;]<\/p>\n<p><img data-recalc-dims=\"1\" loading=\"lazy\" decoding=\"async\" class=\"alignnone size-full wp-image-125\" src=\"https:\/\/i0.wp.com\/www.lepradinas.fr\/wp-content\/uploads\/2024\/02\/guillemets-ouverts.png?resize=50%2C50&#038;ssl=1\" alt=\"guill_gauche\" width=\"50\" height=\"50\">Pradinas&#8217;s domain, the ideal site for your events<img data-recalc-dims=\"1\" loading=\"lazy\" decoding=\"async\" class=\"alignnone size-full wp-image-126\" src=\"https:\/\/i0.wp.com\/www.lepradinas.fr\/wp-content\/uploads\/2024\/02\/guillemets-fermes.png?resize=50%2C50&#038;ssl=1\" alt=\"guill_droite\" width=\"50\" height=\"50\"><\/p>\n<p>[\/et_pb_text][et_pb_text _builder_version=&#8221;4.9.4&#8243; _module_preset=&#8221;default&#8221;]<\/p>\n<p style=\"text-align: center;\">We organize family meals, seminars and weddings (except July and August).<br \/>The restaurant has a capacity of 120 people, and the Domaine is easily accessible by bus.<\/p>\n<p>[\/et_pb_text][\/et_pb_column][\/et_pb_row][\/et_pb_section][et_pb_section fb_built=&#8221;1&#8243; _builder_version=&#8221;4.9.4&#8243; _module_preset=&#8221;default&#8221;][et_pb_row _builder_version=&#8221;4.9.4&#8243; _module_preset=&#8221;default&#8221;][et_pb_column type=&#8221;4_4&#8243; _builder_version=&#8221;4.9.4&#8243; _module_preset=&#8221;default&#8221;][et_pb_text _builder_version=&#8221;4.9.4&#8243; _module_preset=&#8221;default&#8221;]<\/p>\n<h2 style=\"text-align: center;\">Le Pradinas &#8211; The restaurant<\/h2>\n<p>[\/et_pb_text][et_pb_text _builder_version=&#8221;4.9.4&#8243; _module_preset=&#8221;default&#8221;]<\/p>\n<p style=\"text-align: center;\">At <strong>Le Pradinas<\/strong>, you&#8217;ll find all the <strong>specialties of the C\u00e9vennes region<\/strong> on offer every day.<br \/>Antoine Plantier, in the <strong>kitchen<\/strong>, will help you discover them in an enchanting setting.<\/p>\n<p>[\/et_pb_text][\/et_pb_column][\/et_pb_row][et_pb_row module_class=&#8221;ild_ligne_plus_large &#8221; _builder_version=&#8221;4.9.4&#8243; _module_preset=&#8221;default&#8221;][et_pb_column type=&#8221;4_4&#8243; _builder_version=&#8221;4.9.4&#8243; _module_preset=&#8221;default&#8221;][et_pb_gallery gallery_ids=&#8221;3317,3319,3321,3323,3325,434,3327,3329,3331,3333,3335,3337,3339,3341,3343,3345,3347,3349&#8243; posts_number=&#8221;12&#8243; show_title_and_caption=&#8221;off&#8221; admin_label=&#8221;Galerie&#8221; module_class=&#8221;ild_galerie_grille&#8221; _builder_version=&#8221;4.9.4&#8243; hover_enabled=&#8221;0&#8243; use_border_color=&#8221;off&#8221; border_color=&#8221;#ffffff&#8221; border_style=&#8221;solid&#8221; sticky_enabled=&#8221;0&#8243;][\/et_pb_gallery][\/et_pb_column][\/et_pb_row][\/et_pb_section][et_pb_section fb_built=&#8221;1&#8243; module_class=&#8221;ild_bg_gris_clair &#8221; _builder_version=&#8221;4.9.4&#8243; _module_preset=&#8221;default&#8221;][et_pb_row column_structure=&#8221;1_2,1_2&#8243; module_class=&#8221;ild_ligne_plus_large ild_flex_ordi ild_align_center&#8221; _builder_version=&#8221;4.9.4&#8243; _module_preset=&#8221;default&#8221;][et_pb_column type=&#8221;1_2&#8243; _builder_version=&#8221;4.9.4&#8243; _module_preset=&#8221;default&#8221;][et_pb_gallery gallery_ids=&#8221;2812,2814,2816,2810&#8243; fullwidth=&#8221;on&#8221; _builder_version=&#8221;4.9.4&#8243; _module_preset=&#8221;default&#8221; auto=&#8221;on&#8221; auto_speed=&#8221;4000&#8243;][\/et_pb_gallery][\/et_pb_column][et_pb_column type=&#8221;1_2&#8243; module_class=&#8221;ild_padding_50_20 ild_ombre_leger ild_bg_blanc &#8221; _builder_version=&#8221;4.9.4&#8243; _module_preset=&#8221;default&#8221;][et_pb_text _builder_version=&#8221;4.9.4&#8243; _module_preset=&#8221;default&#8221;]<\/p>\n<h2>Indoors ?<\/h2>\n<p>[\/et_pb_text][et_pb_text _builder_version=&#8221;4.9.4&#8243; _module_preset=&#8221;default&#8221;]<\/p>\n<p>Indoors, in our restaurant, you can enjoy your meal in a typical C\u00e9vennes atmosphere, perfect for tasting our specialties.<\/p>\n<p>[\/et_pb_text][\/et_pb_column][\/et_pb_row][\/et_pb_section][et_pb_section fb_built=&#8221;1&#8243; _builder_version=&#8221;4.9.4&#8243; _module_preset=&#8221;default&#8221;][et_pb_row column_structure=&#8221;1_2,1_2&#8243; module_class=&#8221;ild_ligne_plus_large ild_flex_ordi ild_align_center&#8221; _builder_version=&#8221;4.9.4&#8243; _module_preset=&#8221;default&#8221;][et_pb_column type=&#8221;1_2&#8243; module_class=&#8221;ild_padding_50_20 ild_ombre_leger&#8221; _builder_version=&#8221;4.9.4&#8243; _module_preset=&#8221;default&#8221;][et_pb_text _builder_version=&#8221;4.9.4&#8243; _module_preset=&#8221;default&#8221;]<\/p>\n<h2>Or outdoor ?<\/h2>\n<p>[\/et_pb_text][et_pb_text _builder_version=&#8221;4.9.4&#8243; _module_preset=&#8221;default&#8221;]<\/p>\n<p>Outdoors, in addition to the flavors, nature offers itself to you.<br \/>On a pleasant terrace, in the shade of mulberry and plane trees, you&#8217;re guaranteed to have a great time.<\/p>\n<p>[\/et_pb_text][\/et_pb_column][et_pb_column type=&#8221;1_2&#8243; _builder_version=&#8221;4.9.4&#8243; _module_preset=&#8221;default&#8221;][et_pb_gallery gallery_ids=&#8221;2824,2826,2828,2830&#8243; fullwidth=&#8221;on&#8221; _builder_version=&#8221;4.9.4&#8243; _module_preset=&#8221;default&#8221; auto=&#8221;on&#8221; auto_speed=&#8221;4000&#8243;][\/et_pb_gallery][\/et_pb_column][\/et_pb_row][\/et_pb_section][et_pb_section fb_built=&#8221;1&#8243; module_class=&#8221;ild_padding_150_0 ild_bg_gris_clair &#8221; _builder_version=&#8221;4.9.4&#8243; _module_preset=&#8221;default&#8221; locked=&#8221;off&#8221;][et_pb_row _builder_version=&#8221;4.9.4&#8243; _module_preset=&#8221;default&#8221;][et_pb_column type=&#8221;4_4&#8243; _builder_version=&#8221;4.9.4&#8243; _module_preset=&#8221;default&#8221;][et_pb_text _builder_version=&#8221;4.9.4&#8243; _module_preset=&#8221;default&#8221;]<\/p>\n<h2 style=\"text-align: center;\">Discover also in the Pradinas<\/h2>\n<p>[\/et_pb_text][\/et_pb_column][\/et_pb_row][et_pb_row column_structure=&#8221;1_3,1_3,1_3&#8243; module_class=&#8221;ild_ligne_plus_large ild_flex ild_ligne_speciale_3_images&#8221; _builder_version=&#8221;4.9.4&#8243; _module_preset=&#8221;default&#8221;][et_pb_column type=&#8221;1_3&#8243; _builder_version=&#8221;4.9.4&#8243; _module_preset=&#8221;default&#8221;][et_pb_image src=&#8221;https:\/\/www.lepradinas.fr\/wp-content\/uploads\/2024\/02\/chambres-equipees.jpg&#8221; alt=&#8221;hotel&apos;s rooms equipped&#8221; title_text=&#8221;hotel&apos;s rooms equipped&#8221; _builder_version=&#8221;4.9.4&#8243; _module_preset=&#8221;default&#8221;][\/et_pb_image][et_pb_text _builder_version=&#8221;4.9.4&#8243; _module_preset=&#8221;default&#8221;]<\/p>\n<h3 style=\"text-align: center;\">Our rooms<\/h3>\n<p>[\/et_pb_text][et_pb_button button_url=&#8221;@ET-DC@eyJkeW5hbWljIjp0cnVlLCJjb250ZW50IjoicG9zdF9saW5rX3VybF9wYWdlIiwic2V0dGluZ3MiOnsicG9zdF9pZCI6IjIyODAiLCJlbmFibGVfaHRtbCI6Im9mZiJ9fQ==@&#8221; button_text=&#8221;Learn more&#8221; button_alignment=&#8221;center&#8221; module_class=&#8221;ild_bouton_marron&#8221; _builder_version=&#8221;4.9.4&#8243; _dynamic_attributes=&#8221;button_url&#8221; _module_preset=&#8221;default&#8221;][\/et_pb_button][\/et_pb_column][et_pb_column type=&#8221;1_3&#8243; _builder_version=&#8221;4.9.4&#8243; _module_preset=&#8221;default&#8221;][et_pb_image src=&#8221;https:\/\/www.lepradinas.fr\/wp-content\/uploads\/2024\/02\/sejour-le-pradinas-1.jpg&#8221; alt=&#8221;Hotel restaurant Le Pradinas in C\u00e9vennes&#8221; title_text=&#8221;Hotel restaurant Le Pradinas in C\u00e9vennes&#8221; _builder_version=&#8221;4.9.4&#8243; _module_preset=&#8221;default&#8221;][\/et_pb_image][et_pb_text _builder_version=&#8221;4.9.4&#8243; _module_preset=&#8221;default&#8221;]<\/p>\n<h3 style=\"text-align: center;\">Our stay<\/h3>\n<p>[\/et_pb_text][et_pb_button button_url=&#8221;@ET-DC@eyJkeW5hbWljIjp0cnVlLCJjb250ZW50IjoicG9zdF9saW5rX3VybF9wYWdlIiwic2V0dGluZ3MiOnsicG9zdF9pZCI6IjU2IiwiZW5hYmxlX2h0bWwiOiJvZmYifX0=@&#8221; button_text=&#8221;Learn more&#8221; button_alignment=&#8221;center&#8221; module_class=&#8221;ild_bouton_marron&#8221; _builder_version=&#8221;4.9.4&#8243; _dynamic_attributes=&#8221;button_url&#8221; _module_preset=&#8221;default&#8221;][\/et_pb_button][\/et_pb_column][et_pb_column type=&#8221;1_3&#8243; _builder_version=&#8221;4.9.4&#8243; _module_preset=&#8221;default&#8221;][et_pb_image src=&#8221;https:\/\/www.lepradinas.fr\/wp-content\/uploads\/2024\/02\/fontaine.jpg&#8221; alt=&#8221;The fountain&#8221; title_text=&#8221;The fountain&#8221; _builder_version=&#8221;4.9.4&#8243; _module_preset=&#8221;default&#8221;][\/et_pb_image][et_pb_text _builder_version=&#8221;4.9.4&#8243; _module_preset=&#8221;default&#8221;]<\/p>\n<h3 style=\"text-align: center;\">Some links<\/h3>\n<p>[\/et_pb_text][et_pb_button button_url=&#8221;@ET-DC@eyJkeW5hbWljIjp0cnVlLCJjb250ZW50IjoicG9zdF9saW5rX3VybF9wYWdlIiwic2V0dGluZ3MiOnsicG9zdF9pZCI6IjY2IiwiZW5hYmxlX2h0bWwiOiJvZmYifX0=@&#8221; button_text=&#8221;Learn more&#8221; button_alignment=&#8221;center&#8221; module_class=&#8221;ild_bouton_marron&#8221; _builder_version=&#8221;4.9.4&#8243; _dynamic_attributes=&#8221;button_url&#8221; _module_preset=&#8221;default&#8221;][\/et_pb_button][\/et_pb_column][\/et_pb_row][\/et_pb_section]<\/p>\n","protected":false},"excerpt":{"rendered":"<p>A traditional kitchen, local productsThe Pradinas restaurant features Antoine Plantier&#8217;s traditional family-style cuisine, prepared with local produce according to the season. Maximal fresh thanks to &#8220;Grand-father&#8217;s vegetable garden&#8221; !In the kitchen, you&#8217;ll find produce straight from our C\u00e9vennes vegetable garden on the estate (in summer). Enjoy Cevennes specialities in our 18th-century Cevennes farmhouse, a former [&hellip;]<\/p>\n","protected":false},"author":1,"featured_media":0,"parent":0,"menu_order":0,"comment_status":"closed","ping_status":"closed","template":"","meta":{"_et_pb_use_builder":"on","_et_pb_old_content":"","_et_gb_content_width":"","footnotes":""},"class_list":["post-3918","page","type-page","status-publish","hentry"],"yoast_head":"<!-- This site is optimized with the Yoast SEO plugin v27.3 - https:\/\/yoast.com\/product\/yoast-seo-wordpress\/ -->\n<title>Le Pradinas - Fine dinnig in the C\u00e9vennes<\/title>\n<meta name=\"description\" content=\"Local produce and gastronomy at the Pradinas restaurant in the C\u00e9vennes, near Anduze and the bamboo grove, in the heart of Languedoc Roussillon.\" \/>\n<meta name=\"robots\" content=\"index, follow, max-snippet:-1, max-image-preview:large, max-video-preview:-1\" \/>\n<link rel=\"canonical\" href=\"https:\/\/www.lepradinas.fr\/en\/fine-dinnig\/\" \/>\n<meta property=\"og:locale\" content=\"en_US\" \/>\n<meta property=\"og:type\" content=\"article\" \/>\n<meta property=\"og:title\" content=\"Le Pradinas - Fine dinnig in the C\u00e9vennes\" \/>\n<meta property=\"og:description\" content=\"Local produce and gastronomy at the Pradinas restaurant in the C\u00e9vennes, near Anduze and the bamboo grove, in the heart of Languedoc Roussillon.\" \/>\n<meta property=\"og:url\" content=\"https:\/\/www.lepradinas.fr\/en\/fine-dinnig\/\" \/>\n<meta property=\"og:site_name\" content=\"Le Pradinas - H\u00f4tel restaurant, \u00e0 Anduze, au c\u0153ur des C\u00e9vennes\" \/>\n<meta property=\"article:modified_time\" content=\"2024-04-04T14:38:43+00:00\" \/>\n<meta property=\"og:image\" content=\"https:\/\/www.lepradinas.fr\/wp-content\/uploads\/2024\/02\/guillemets-ouverts.png\" \/>\n<meta name=\"twitter:card\" content=\"summary_large_image\" \/>\n<meta name=\"twitter:label1\" content=\"Est. reading time\" \/>\n\t<meta name=\"twitter:data1\" content=\"7 minutes\" \/>\n<script type=\"application\/ld+json\" class=\"yoast-schema-graph\">{\"@context\":\"https:\\\/\\\/schema.org\",\"@graph\":[{\"@type\":\"WebPage\",\"@id\":\"https:\\\/\\\/www.lepradinas.fr\\\/en\\\/fine-dinnig\\\/\",\"url\":\"https:\\\/\\\/www.lepradinas.fr\\\/en\\\/fine-dinnig\\\/\",\"name\":\"Le Pradinas - Fine dinnig in the C\u00e9vennes\",\"isPartOf\":{\"@id\":\"https:\\\/\\\/www.lepradinas.fr\\\/#website\"},\"primaryImageOfPage\":{\"@id\":\"https:\\\/\\\/www.lepradinas.fr\\\/en\\\/fine-dinnig\\\/#primaryimage\"},\"image\":{\"@id\":\"https:\\\/\\\/www.lepradinas.fr\\\/en\\\/fine-dinnig\\\/#primaryimage\"},\"thumbnailUrl\":\"https:\\\/\\\/www.lepradinas.fr\\\/wp-content\\\/uploads\\\/2024\\\/02\\\/guillemets-ouverts.png\",\"datePublished\":\"2024-04-04T14:38:42+00:00\",\"dateModified\":\"2024-04-04T14:38:43+00:00\",\"description\":\"Local produce and gastronomy at the Pradinas restaurant in the C\u00e9vennes, near Anduze and the bamboo grove, in the heart of Languedoc Roussillon.\",\"inLanguage\":\"en-US\",\"potentialAction\":[{\"@type\":\"ReadAction\",\"target\":[\"https:\\\/\\\/www.lepradinas.fr\\\/en\\\/fine-dinnig\\\/\"]}]},{\"@type\":\"ImageObject\",\"inLanguage\":\"en-US\",\"@id\":\"https:\\\/\\\/www.lepradinas.fr\\\/en\\\/fine-dinnig\\\/#primaryimage\",\"url\":\"https:\\\/\\\/www.lepradinas.fr\\\/wp-content\\\/uploads\\\/2024\\\/02\\\/guillemets-ouverts.png\",\"contentUrl\":\"https:\\\/\\\/www.lepradinas.fr\\\/wp-content\\\/uploads\\\/2024\\\/02\\\/guillemets-ouverts.png\"},{\"@type\":\"WebSite\",\"@id\":\"https:\\\/\\\/www.lepradinas.fr\\\/#website\",\"url\":\"https:\\\/\\\/www.lepradinas.fr\\\/\",\"name\":\"Le Pradinas - H\u00f4tel restaurant, \u00e0 Anduze, au c\u0153ur des C\u00e9vennes\",\"description\":\"H\u00f4tel restaurant &quot;Logis&quot; dans le Gard, \u00e0 proximit\u00e9 d&#039;Anduze en plein c\u0153ur des C\u00e9vennes\",\"potentialAction\":[{\"@type\":\"SearchAction\",\"target\":{\"@type\":\"EntryPoint\",\"urlTemplate\":\"https:\\\/\\\/www.lepradinas.fr\\\/?s={search_term_string}\"},\"query-input\":{\"@type\":\"PropertyValueSpecification\",\"valueRequired\":true,\"valueName\":\"search_term_string\"}}],\"inLanguage\":\"en-US\"}]}<\/script>\n<!-- \/ Yoast SEO plugin. -->","yoast_head_json":{"title":"Le Pradinas - Fine dinnig in the C\u00e9vennes","description":"Local produce and gastronomy at the Pradinas restaurant in the C\u00e9vennes, near Anduze and the bamboo grove, in the heart of Languedoc Roussillon.","robots":{"index":"index","follow":"follow","max-snippet":"max-snippet:-1","max-image-preview":"max-image-preview:large","max-video-preview":"max-video-preview:-1"},"canonical":"https:\/\/www.lepradinas.fr\/en\/fine-dinnig\/","og_locale":"en_US","og_type":"article","og_title":"Le Pradinas - Fine dinnig in the C\u00e9vennes","og_description":"Local produce and gastronomy at the Pradinas restaurant in the C\u00e9vennes, near Anduze and the bamboo grove, in the heart of Languedoc Roussillon.","og_url":"https:\/\/www.lepradinas.fr\/en\/fine-dinnig\/","og_site_name":"Le Pradinas - H\u00f4tel restaurant, \u00e0 Anduze, au c\u0153ur des C\u00e9vennes","article_modified_time":"2024-04-04T14:38:43+00:00","og_image":[{"url":"https:\/\/www.lepradinas.fr\/wp-content\/uploads\/2024\/02\/guillemets-ouverts.png","type":"","width":"","height":""}],"twitter_card":"summary_large_image","twitter_misc":{"Est. reading time":"7 minutes"},"schema":{"@context":"https:\/\/schema.org","@graph":[{"@type":"WebPage","@id":"https:\/\/www.lepradinas.fr\/en\/fine-dinnig\/","url":"https:\/\/www.lepradinas.fr\/en\/fine-dinnig\/","name":"Le Pradinas - Fine dinnig in the C\u00e9vennes","isPartOf":{"@id":"https:\/\/www.lepradinas.fr\/#website"},"primaryImageOfPage":{"@id":"https:\/\/www.lepradinas.fr\/en\/fine-dinnig\/#primaryimage"},"image":{"@id":"https:\/\/www.lepradinas.fr\/en\/fine-dinnig\/#primaryimage"},"thumbnailUrl":"https:\/\/www.lepradinas.fr\/wp-content\/uploads\/2024\/02\/guillemets-ouverts.png","datePublished":"2024-04-04T14:38:42+00:00","dateModified":"2024-04-04T14:38:43+00:00","description":"Local produce and gastronomy at the Pradinas restaurant in the C\u00e9vennes, near Anduze and the bamboo grove, in the heart of Languedoc Roussillon.","inLanguage":"en-US","potentialAction":[{"@type":"ReadAction","target":["https:\/\/www.lepradinas.fr\/en\/fine-dinnig\/"]}]},{"@type":"ImageObject","inLanguage":"en-US","@id":"https:\/\/www.lepradinas.fr\/en\/fine-dinnig\/#primaryimage","url":"https:\/\/www.lepradinas.fr\/wp-content\/uploads\/2024\/02\/guillemets-ouverts.png","contentUrl":"https:\/\/www.lepradinas.fr\/wp-content\/uploads\/2024\/02\/guillemets-ouverts.png"},{"@type":"WebSite","@id":"https:\/\/www.lepradinas.fr\/#website","url":"https:\/\/www.lepradinas.fr\/","name":"Le Pradinas - H\u00f4tel restaurant, \u00e0 Anduze, au c\u0153ur des C\u00e9vennes","description":"H\u00f4tel restaurant &quot;Logis&quot; dans le Gard, \u00e0 proximit\u00e9 d&#039;Anduze en plein c\u0153ur des C\u00e9vennes","potentialAction":[{"@type":"SearchAction","target":{"@type":"EntryPoint","urlTemplate":"https:\/\/www.lepradinas.fr\/?s={search_term_string}"},"query-input":{"@type":"PropertyValueSpecification","valueRequired":true,"valueName":"search_term_string"}}],"inLanguage":"en-US"}]}},"jetpack_sharing_enabled":true,"_links":{"self":[{"href":"https:\/\/www.lepradinas.fr\/en\/wp-json\/wp\/v2\/pages\/3918","targetHints":{"allow":["GET"]}}],"collection":[{"href":"https:\/\/www.lepradinas.fr\/en\/wp-json\/wp\/v2\/pages"}],"about":[{"href":"https:\/\/www.lepradinas.fr\/en\/wp-json\/wp\/v2\/types\/page"}],"author":[{"embeddable":true,"href":"https:\/\/www.lepradinas.fr\/en\/wp-json\/wp\/v2\/users\/1"}],"replies":[{"embeddable":true,"href":"https:\/\/www.lepradinas.fr\/en\/wp-json\/wp\/v2\/comments?post=3918"}],"version-history":[{"count":2,"href":"https:\/\/www.lepradinas.fr\/en\/wp-json\/wp\/v2\/pages\/3918\/revisions"}],"predecessor-version":[{"id":3920,"href":"https:\/\/www.lepradinas.fr\/en\/wp-json\/wp\/v2\/pages\/3918\/revisions\/3920"}],"wp:attachment":[{"href":"https:\/\/www.lepradinas.fr\/en\/wp-json\/wp\/v2\/media?parent=3918"}],"curies":[{"name":"wp","href":"https:\/\/api.w.org\/{rel}","templated":true}]}}