{"id":3914,"date":"2024-04-04T15:27:28","date_gmt":"2024-04-04T14:27:28","guid":{"rendered":"https:\/\/www.lepradinas.fr\/stay\/"},"modified":"2024-04-04T15:27:29","modified_gmt":"2024-04-04T14:27:29","slug":"stay","status":"publish","type":"page","link":"https:\/\/www.lepradinas.fr\/en\/stay\/","title":{"rendered":"Stay"},"content":{"rendered":"<p>[et_pb_section fb_built=&#8221;1&#8243; fullwidth=&#8221;on&#8221; _builder_version=&#8221;4.9.4&#8243; _module_preset=&#8221;default&#8221; locked=&#8221;off&#8221;][et_pb_fullwidth_header title=&#8221;The hotel restaurant Le Pradinas in the C\u00e9vennes&#8221; module_id=&#8221;ild_entete_plein_ecran&#8221; module_class=&#8221;ild_titre_centre&#8221; _builder_version=&#8221;4.9.4&#8243; _module_preset=&#8221;default&#8221; background_enable_color=&#8221;off&#8221; background_image=&#8221;https:\/\/www.lepradinas.fr\/wp-content\/uploads\/2024\/02\/sejour-le-pradinas-1.webp&#8221;][\/et_pb_fullwidth_header][\/et_pb_section][et_pb_section fb_built=&#8221;1&#8243; module_class=&#8221;ild_padding_150_0&#8243; _builder_version=&#8221;4.9.4&#8243; _module_preset=&#8221;default&#8221;][et_pb_row _builder_version=&#8221;4.9.4&#8243; _module_preset=&#8221;default&#8221; background_image=&#8221;https:\/\/www.lepradinas.fr\/wp-content\/uploads\/2024\/02\/fond-logo.webp&#8221; background_size=&#8221;contain&#8221;][et_pb_column type=&#8221;4_4&#8243; _builder_version=&#8221;4.9.4&#8243; _module_preset=&#8221;default&#8221;][et_pb_text _builder_version=&#8221;4.9.4&#8243; _module_preset=&#8221;default&#8221;]<\/p>\n<h2 style=\"text-align: center;\">A pleasant stay in the heart of the C\u00e9vennes<\/h2>\n<p>[\/et_pb_text][et_pb_text admin_label=&#8221;Texte&#8221; _builder_version=&#8221;4.9.4&#8243; background_size=&#8221;initial&#8221; background_position=&#8221;top_left&#8221; background_repeat=&#8221;repeat&#8221; use_border_color=&#8221;off&#8221; border_color=&#8221;#ffffff&#8221; border_style=&#8221;solid&#8221;]<\/p>\n<p style=\"text-align: center;\">Would you <strong>discover<a href=\"https:\/\/www.lepradinas.fr\/en\/tourism-languedoc-roussillon-france\/\">our wonderfull region of the C\u00e9vennes<\/a><\/strong> ?<\/p>\n<p style=\"text-align: center;\">You&#8217;ve just found the <strong>ideal establishment<\/strong> for a peaceful stay <strong>in the heart of unspoilt nature<\/strong>.<\/p>\n<p style=\"text-align: center;\">Just a stone&#8217;s throw from the <strong>Gardon river<\/strong>, our Domaine also boasts a <strong>swimming pool<\/strong> (heated from May to September), and is the ideal starting point for a <strong>wide range of hiking and horse-riding tours<\/strong>.<\/p>\n<p style=\"text-align: center;\">The Cevennes villages of <strong>Anduze<\/strong> and <strong>Saint-Jean-du-Gard<\/strong> are just a few kilometers away. The main Cevennes tourist sites, such as the <strong>Prafrance bamboo grove<\/strong>, the <strong>Mus\u00e9e du D\u00e9sert<\/strong>, the <strong>Mus\u00e9e des Vall\u00e9es C\u00e9venoles<\/strong>, the C\u00e9vennes steam train&#8230; are all within easy reach of the Domaine.<\/p>\n<p>[\/et_pb_text][\/et_pb_column][\/et_pb_row][\/et_pb_section][et_pb_section fb_built=&#8221;1&#8243; module_class=&#8221;ild_bg_gris_clair ild_padding_150_0&#8243; _builder_version=&#8221;4.9.4&#8243; _module_preset=&#8221;default&#8221;][et_pb_row column_structure=&#8221;1_2,1_2&#8243; module_class=&#8221;ild_ligne_plus_large ild_flex_ordi ild_align_center&#8221; _builder_version=&#8221;4.9.4&#8243; _module_preset=&#8221;default&#8221;][et_pb_column type=&#8221;1_2&#8243; _builder_version=&#8221;4.9.4&#8243; _module_preset=&#8221;default&#8221;][et_pb_gallery gallery_ids=&#8221;269,2682,2686,2010&#8243; fullwidth=&#8221;on&#8221; admin_label=&#8221;Galerie&#8221; _builder_version=&#8221;4.9.4&#8243; caption_all_caps=&#8221;off&#8221; auto=&#8221;on&#8221; auto_speed=&#8221;4000&#8243; use_border_color=&#8221;off&#8221; border_color=&#8221;#ffffff&#8221; border_style=&#8221;solid&#8221;][\/et_pb_gallery][\/et_pb_column][et_pb_column type=&#8221;1_2&#8243; module_class=&#8221;ild_bg_blanc ild_padding_50_20 ild_ombre_leger&#8221; _builder_version=&#8221;4.9.4&#8243; _module_preset=&#8221;default&#8221;][et_pb_text admin_label=&#8221;Texte&#8221; _builder_version=&#8221;4.9.4&#8243; background_size=&#8221;initial&#8221; background_position=&#8221;top_left&#8221; background_repeat=&#8221;repeat&#8221; use_border_color=&#8221;off&#8221; border_color=&#8221;#ffffff&#8221; border_style=&#8221;solid&#8221;]<\/p>\n<h2 style=\"text-align: center;\">A question ?<br \/>\nA reservation ?<\/h2>\n<p style=\"text-align: center;\">Wish you informations ?<br \/>\nTo do a reservation ?<\/p>\n<p class=\"ild_p_flex_2_boutons\"><a class=\"et_pb_button ild_bouton_marron\" href=\"https:\/\/www.lepradinas.fr\/en\/contact-hotel-restaurant-gard-cevennes-sud-france\/\">Contact us<\/a><a class=\"et_pb_button ild_bouton_reserver\" href=\"https:\/\/premium.logishotels.com\/fo\/booking\/233\/3401\/dates?specialMode=default&amp;langcode=FR&amp;custid=233&amp;hotelid=3401&amp;m=booking\" target=\"_blank\" rel=\"noopener\">Book online<\/a><\/p>\n<p>[\/et_pb_text][\/et_pb_column][\/et_pb_row][et_pb_row _builder_version=&#8221;4.9.4&#8243; _module_preset=&#8221;default&#8221; locked=&#8221;off&#8221;][et_pb_column type=&#8221;4_4&#8243; _builder_version=&#8221;4.9.4&#8243; _module_preset=&#8221;default&#8221;][et_pb_text module_class=&#8221;ild_citation&#8221; _builder_version=&#8221;4.9.4&#8243; _module_preset=&#8221;default&#8221;]<\/p>\n<p><img data-recalc-dims=\"1\" loading=\"lazy\" decoding=\"async\" class=\"alignnone size-full wp-image-125\" src=\"https:\/\/i0.wp.com\/www.lepradinas.fr\/wp-content\/uploads\/2024\/02\/guillemets-ouverts.png?resize=50%2C50&#038;ssl=1\" alt=\"guill_gauche\" width=\"50\" height=\"50\">In our C\u00e9vennes, you are between sea and mountain<img data-recalc-dims=\"1\" loading=\"lazy\" decoding=\"async\" class=\"alignnone size-full wp-image-126\" src=\"https:\/\/i0.wp.com\/www.lepradinas.fr\/wp-content\/uploads\/2024\/02\/guillemets-fermes.png?resize=50%2C50&#038;ssl=1\" alt=\"guill_droite\" width=\"50\" height=\"50\"><\/p>\n<p>[\/et_pb_text][et_pb_text _builder_version=&#8221;4.9.4&#8243; _module_preset=&#8221;default&#8221;]<\/p>\n<p style=\"text-align: center;\">Just an hour from Mediterranean beaches and mid-range mountain ranges like the Aigoual.<\/p>\n<p>[\/et_pb_text][et_pb_button button_url=&#8221;@ET-DC@eyJkeW5hbWljIjp0cnVlLCJjb250ZW50IjoicG9zdF9saW5rX3VybF9wYWdlIiwic2V0dGluZ3MiOnsicG9zdF9pZCI6IjY0IiwiZW5hYmxlX2h0bWwiOiJvZmYifX0=@&#8221; button_text=&#8221;Learn more&#8221; button_alignment=&#8221;center&#8221; module_class=&#8221;ild_bouton_marron&#8221; _builder_version=&#8221;4.9.4&#8243; _dynamic_attributes=&#8221;button_url&#8221; _module_preset=&#8221;default&#8221;][\/et_pb_button][\/et_pb_column][\/et_pb_row][\/et_pb_section][et_pb_section fb_built=&#8221;1&#8243; _builder_version=&#8221;4.9.4&#8243; _module_preset=&#8221;default&#8221;][et_pb_row _builder_version=&#8221;4.9.4&#8243; _module_preset=&#8221;default&#8221;][et_pb_column type=&#8221;4_4&#8243; _builder_version=&#8221;4.9.4&#8243; _module_preset=&#8221;default&#8221;][et_pb_text _builder_version=&#8221;4.9.4&#8243; _module_preset=&#8221;default&#8221;]<\/p>\n<h2 style=\"text-align: center;\">Le Pradinas &#8211; The hotel<\/h2>\n<p>[\/et_pb_text][et_pb_text _builder_version=&#8221;4.9.4&#8243; _module_preset=&#8221;default&#8221;]<\/p>\n<p style=\"text-align: center;\">To stay at <strong>Le Pradinas<\/strong> is to combine the beauty of the <strong>C\u00e9vennes<\/strong> with that of an <strong>18th-century C\u00e9vennes farmhouse<\/strong> restored with taste and passion by the Plantier family.<\/p>\n<p style=\"text-align: center;\">It also means enjoying our <strong>Mediterranean climate<\/strong> by the <strong>pool<\/strong>.<\/p>\n<p>[\/et_pb_text][\/et_pb_column][\/et_pb_row][et_pb_row module_class=&#8221;ild_ligne_plus_large &#8221; _builder_version=&#8221;4.9.4&#8243; _module_preset=&#8221;default&#8221;][et_pb_column type=&#8221;4_4&#8243; _builder_version=&#8221;4.9.4&#8243; _module_preset=&#8221;default&#8221;][et_pb_gallery gallery_ids=&#8221;3224,3226,3228,3230,3232,3234,3236,3238,3240,2040,387,388,390,391,392,393,395,396,397,398,399,400,407,408,409,410,411,412,413,414,416,3242,3244,3248,3246,3250,3252,3254,3256,3258,3260,3262,3264&#8243; posts_number=&#8221;12&#8243; show_title_and_caption=&#8221;off&#8221; admin_label=&#8221;Galerie&#8221; module_class=&#8221;ild_galerie_grille&#8221; _builder_version=&#8221;4.9.4&#8243; hover_enabled=&#8221;0&#8243; use_border_color=&#8221;off&#8221; border_color=&#8221;#ffffff&#8221; border_style=&#8221;solid&#8221; sticky_enabled=&#8221;0&#8243;][\/et_pb_gallery][\/et_pb_column][\/et_pb_row][\/et_pb_section][et_pb_section fb_built=&#8221;1&#8243; module_class=&#8221;ild_bg_gris_clair ild_padding_150_0&#8243; _builder_version=&#8221;4.9.4&#8243; _module_preset=&#8221;default&#8221;][et_pb_row _builder_version=&#8221;4.9.4&#8243; _module_preset=&#8221;default&#8221; background_image=&#8221;https:\/\/www.lepradinas.fr\/wp-content\/uploads\/2024\/02\/fond-logo.webp&#8221; background_size=&#8221;contain&#8221;][et_pb_column type=&#8221;4_4&#8243; _builder_version=&#8221;4.9.4&#8243; _module_preset=&#8221;default&#8221;][et_pb_text _builder_version=&#8221;4.9.4&#8243; _module_preset=&#8221;default&#8221;]<\/p>\n<h2 style=\"text-align: center;\">Calm, rest and comfort in the hotel of the Pradinas<\/h2>\n<p>[\/et_pb_text][et_pb_text module_class=&#8221;ild_list_centre&#8221; _builder_version=&#8221;4.9.4&#8243; _module_preset=&#8221;default&#8221;]<\/p>\n<p style=\"text-align: center;\">Our hotel has 25 <strong>personalized rooms<\/strong>, each different from the next, all of which are <strong>cosy and quiet<\/strong>. They are <strong>comfortably furnished<\/strong> and all feature the following equipment :<\/p>\n<ul>\n<li>Bathroom with shower or bathtub,<\/li>\n<li>hair dryer,<\/li>\n<li>flat screen television,<\/li>\n<li>mini bar,<\/li>\n<li>phone (with alarm function),<\/li>\n<li>air conditionner,<\/li>\n<li>safe,<\/li>\n<li>desktop,<\/li>\n<li>coffee machine expresso.<\/li>\n<\/ul>\n<p style=\"text-align: center;\">Most of our beds are 160 x 200. Some very <strong>spacious rooms<\/strong>, on two mezzanine floors, are ideal for <strong>families<\/strong>. Some rooms have a <strong>private terrace<\/strong>. <strong>Free wifi internet access<\/strong> is available in the lounge. Breakfast includes <strong>homemade jams<\/strong> and local honeys. The hotel restaurant has a <strong>garage for motorcycles<\/strong>, <strong>bicycles<\/strong> and <strong>cars<\/strong>, as well as a <strong>shaded private car and bus park<\/strong>.<\/p>\n<p style=\"text-align: center;\">The establishment is accessible to people with reduced mobility. For the swimming pool access, please contact us for all the informations.<\/p>\n<p>[\/et_pb_text][\/et_pb_column][\/et_pb_row][\/et_pb_section][et_pb_section fb_built=&#8221;1&#8243; _builder_version=&#8221;4.9.4&#8243; _module_preset=&#8221;default&#8221;][et_pb_row column_structure=&#8221;1_2,1_2&#8243; module_class=&#8221;ild_ligne_plus_large ild_flex_ordi ild_align_center&#8221; _builder_version=&#8221;4.9.4&#8243; _module_preset=&#8221;default&#8221;][et_pb_column type=&#8221;1_2&#8243; module_class=&#8221;ild_padding_50_20 ild_ombre_leger&#8221; _builder_version=&#8221;4.9.4&#8243; _module_preset=&#8221;default&#8221;][et_pb_text _builder_version=&#8221;4.9.4&#8243; _module_preset=&#8221;default&#8221;]<\/p>\n<h2>Nature and relaxation in the Domain<\/h2>\n<p>[\/et_pb_text][et_pb_text _builder_version=&#8221;4.9.4&#8243; _module_preset=&#8221;default&#8221;]The garden lets you enjoy the <strong>surrounding nature<\/strong>. Enjoy our <strong>Mediterranean climate<\/strong> by our <strong>swimming pool<\/strong> (heated from May to late September) and on our <strong>terraces<\/strong>.<br \/>\nOur <strong>ping pong table<\/strong>, bowling alley, <strong>petanque<\/strong> area and municipal <strong>tennis courts<\/strong> (2 courts less than 500 meters from the hotel) are just some of the activities you can enjoy on your <strong>vacation in the C\u00e9vennes<\/strong>.<\/p>\n<p><strong>Access to the river<\/strong> is 100 meters from the hotel (with a children&#8217;s pool).[\/et_pb_text][\/et_pb_column][et_pb_column type=&#8221;1_2&#8243; _builder_version=&#8221;4.9.4&#8243; _module_preset=&#8221;default&#8221;][et_pb_gallery gallery_ids=&#8221;2722,2724,2720,2738,2726,2728,2718,2735,2716&#8243; fullwidth=&#8221;on&#8221; _builder_version=&#8221;4.9.4&#8243; _module_preset=&#8221;default&#8221; auto=&#8221;on&#8221; auto_speed=&#8221;4000&#8243;][\/et_pb_gallery][\/et_pb_column][\/et_pb_row][\/et_pb_section][et_pb_section fb_built=&#8221;1&#8243; module_class=&#8221;ild_bg_gris_clair ild_padding_150_0&#8243; _builder_version=&#8221;4.9.4&#8243; _module_preset=&#8221;default&#8221; locked=&#8221;off&#8221;][et_pb_row _builder_version=&#8221;4.9.4&#8243; _module_preset=&#8221;default&#8221;][et_pb_column type=&#8221;4_4&#8243; _builder_version=&#8221;4.9.4&#8243; _module_preset=&#8221;default&#8221;][et_pb_text _builder_version=&#8221;4.9.4&#8243; _module_preset=&#8221;default&#8221;]<\/p>\n<h2 style=\"text-align: center;\">Discover also in the Pradinas<\/h2>\n<p>[\/et_pb_text][\/et_pb_column][\/et_pb_row][et_pb_row column_structure=&#8221;1_3,1_3,1_3&#8243; module_class=&#8221;ild_ligne_plus_large ild_flex ild_ligne_speciale_3_images&#8221; _builder_version=&#8221;4.9.4&#8243; _module_preset=&#8221;default&#8221;][et_pb_column type=&#8221;1_3&#8243; _builder_version=&#8221;4.9.4&#8243; _module_preset=&#8221;default&#8221;][et_pb_image src=&#8221;https:\/\/www.lepradinas.fr\/wp-content\/uploads\/2024\/02\/produits-frais.jpg&#8221; alt=&#8221;Restaurant with fresh C\u00e9vennes products&#8221; title_text=&#8221;Restaurant with fresh C\u00e9vennes products&#8221; _builder_version=&#8221;4.9.4&#8243; _module_preset=&#8221;default&#8221;][\/et_pb_image][et_pb_text _builder_version=&#8221;4.9.4&#8243; _module_preset=&#8221;default&#8221;]<\/p>\n<h3 style=\"text-align: center;\">Our restaurant<\/h3>\n<p>[\/et_pb_text][et_pb_button button_url=&#8221;@ET-DC@eyJkeW5hbWljIjp0cnVlLCJjb250ZW50IjoicG9zdF9saW5rX3VybF9wYWdlIiwic2V0dGluZ3MiOnsicG9zdF9pZCI6IjU4IiwiZW5hYmxlX2h0bWwiOiJvZmYifX0=@&#8221; button_text=&#8221;Learn more&#8221; button_alignment=&#8221;center&#8221; module_class=&#8221;ild_bouton_marron&#8221; _builder_version=&#8221;4.9.4&#8243; _dynamic_attributes=&#8221;button_url&#8221; _module_preset=&#8221;default&#8221;][\/et_pb_button][\/et_pb_column][et_pb_column type=&#8221;1_3&#8243; _builder_version=&#8221;4.9.4&#8243; _module_preset=&#8221;default&#8221;][et_pb_image src=&#8221;https:\/\/www.lepradinas.fr\/wp-content\/uploads\/2024\/02\/chataignes.jpg&#8221; alt=&#8221;C\u00e9vennes&apos;s chestnuts&#8221; title_text=&#8221;C\u00e9vennes&apos;s chestnuts&#8221; _builder_version=&#8221;4.9.4&#8243; _module_preset=&#8221;default&#8221;][\/et_pb_image][et_pb_text _builder_version=&#8221;4.9.4&#8243; _module_preset=&#8221;default&#8221;]<\/p>\n<h3 style=\"text-align: center;\">Our region<\/h3>\n<p>[\/et_pb_text][et_pb_button button_url=&#8221;@ET-DC@eyJkeW5hbWljIjp0cnVlLCJjb250ZW50IjoicG9zdF9saW5rX3VybF9wYWdlIiwic2V0dGluZ3MiOnsicG9zdF9pZCI6IjY0IiwiZW5hYmxlX2h0bWwiOiJvZmYifX0=@&#8221; button_text=&#8221;Learn more&#8221; button_alignment=&#8221;center&#8221; module_class=&#8221;ild_bouton_marron&#8221; _builder_version=&#8221;4.9.4&#8243; _dynamic_attributes=&#8221;button_url&#8221; _module_preset=&#8221;default&#8221;][\/et_pb_button][\/et_pb_column][et_pb_column type=&#8221;1_3&#8243; _builder_version=&#8221;4.9.4&#8243; _module_preset=&#8221;default&#8221;][et_pb_image src=&#8221;https:\/\/www.lepradinas.fr\/wp-content\/uploads\/2024\/02\/spacieuse-1-1200.jpg&#8221; alt=&#8221;Prestige room of the Pradinas&#8221; title_text=&#8221;Prestige room&#8221; _builder_version=&#8221;4.9.4&#8243; _module_preset=&#8221;default&#8221;][\/et_pb_image][et_pb_text _builder_version=&#8221;4.9.4&#8243; _module_preset=&#8221;default&#8221;]<\/p>\n<h3 style=\"text-align: center;\">Our rooms<\/h3>\n<p>[\/et_pb_text][et_pb_button button_url=&#8221;@ET-DC@eyJkeW5hbWljIjp0cnVlLCJjb250ZW50IjoicG9zdF9saW5rX3VybF9wYWdlIiwic2V0dGluZ3MiOnsicG9zdF9pZCI6IjIyODAiLCJlbmFibGVfaHRtbCI6Im9mZiJ9fQ==@&#8221; button_text=&#8221;Learn more&#8221; button_alignment=&#8221;center&#8221; module_class=&#8221;ild_bouton_marron&#8221; _builder_version=&#8221;4.9.4&#8243; _dynamic_attributes=&#8221;button_url&#8221; _module_preset=&#8221;default&#8221;][\/et_pb_button][\/et_pb_column][\/et_pb_row][\/et_pb_section]<\/p>\n","protected":false},"excerpt":{"rendered":"<p>A pleasant stay in the heart of the C\u00e9vennesWould you discoverour wonderfull region of the C\u00e9vennes ? You&#8217;ve just found the ideal establishment for a peaceful stay in the heart of unspoilt nature. Just a stone&#8217;s throw from the Gardon river, our Domaine also boasts a swimming pool (heated from May to September), and is [&hellip;]<\/p>\n","protected":false},"author":1,"featured_media":0,"parent":0,"menu_order":0,"comment_status":"closed","ping_status":"closed","template":"","meta":{"_et_pb_use_builder":"on","_et_pb_old_content":"","_et_gb_content_width":"","footnotes":""},"class_list":["post-3914","page","type-page","status-publish","hentry"],"yoast_head":"<!-- This site is optimized with the Yoast SEO plugin v27.3 - https:\/\/yoast.com\/product\/yoast-seo-wordpress\/ -->\n<title>Le Pradinas - Our hotel near Anduze in the C\u00e9vennes<\/title>\n<meta name=\"description\" content=\"Your stay in the hotel Le Pradinas in the heart of the C\u00e9vennes, near Anduze&#039;s village, in the Gard department\" \/>\n<meta name=\"robots\" content=\"index, follow, max-snippet:-1, max-image-preview:large, max-video-preview:-1\" \/>\n<link rel=\"canonical\" href=\"https:\/\/www.lepradinas.fr\/en\/stay\/\" \/>\n<meta property=\"og:locale\" content=\"en_US\" \/>\n<meta property=\"og:type\" content=\"article\" \/>\n<meta property=\"og:title\" content=\"Le Pradinas - Our hotel near Anduze in the C\u00e9vennes\" \/>\n<meta property=\"og:description\" content=\"Your stay in the hotel Le Pradinas in the heart of the C\u00e9vennes, near Anduze&#039;s village, in the Gard department\" \/>\n<meta property=\"og:url\" content=\"https:\/\/www.lepradinas.fr\/en\/stay\/\" \/>\n<meta property=\"og:site_name\" content=\"Le Pradinas - H\u00f4tel restaurant, \u00e0 Anduze, au c\u0153ur des C\u00e9vennes\" \/>\n<meta property=\"article:modified_time\" content=\"2024-04-04T14:27:29+00:00\" \/>\n<meta property=\"og:image\" content=\"https:\/\/www.lepradinas.fr\/wp-content\/uploads\/2024\/02\/guillemets-ouverts.png\" \/>\n<meta name=\"twitter:card\" content=\"summary_large_image\" \/>\n<meta name=\"twitter:label1\" content=\"Est. reading time\" \/>\n\t<meta name=\"twitter:data1\" content=\"8 minutes\" \/>\n<script type=\"application\/ld+json\" class=\"yoast-schema-graph\">{\"@context\":\"https:\\\/\\\/schema.org\",\"@graph\":[{\"@type\":\"WebPage\",\"@id\":\"https:\\\/\\\/www.lepradinas.fr\\\/en\\\/stay\\\/\",\"url\":\"https:\\\/\\\/www.lepradinas.fr\\\/en\\\/stay\\\/\",\"name\":\"Le Pradinas - Our hotel near Anduze in the C\u00e9vennes\",\"isPartOf\":{\"@id\":\"https:\\\/\\\/www.lepradinas.fr\\\/#website\"},\"primaryImageOfPage\":{\"@id\":\"https:\\\/\\\/www.lepradinas.fr\\\/en\\\/stay\\\/#primaryimage\"},\"image\":{\"@id\":\"https:\\\/\\\/www.lepradinas.fr\\\/en\\\/stay\\\/#primaryimage\"},\"thumbnailUrl\":\"https:\\\/\\\/www.lepradinas.fr\\\/wp-content\\\/uploads\\\/2024\\\/02\\\/guillemets-ouverts.png\",\"datePublished\":\"2024-04-04T14:27:28+00:00\",\"dateModified\":\"2024-04-04T14:27:29+00:00\",\"description\":\"Your stay in the hotel Le Pradinas in the heart of the C\u00e9vennes, near Anduze's village, in the Gard department\",\"inLanguage\":\"en-US\",\"potentialAction\":[{\"@type\":\"ReadAction\",\"target\":[\"https:\\\/\\\/www.lepradinas.fr\\\/en\\\/stay\\\/\"]}]},{\"@type\":\"ImageObject\",\"inLanguage\":\"en-US\",\"@id\":\"https:\\\/\\\/www.lepradinas.fr\\\/en\\\/stay\\\/#primaryimage\",\"url\":\"https:\\\/\\\/www.lepradinas.fr\\\/wp-content\\\/uploads\\\/2024\\\/02\\\/guillemets-ouverts.png\",\"contentUrl\":\"https:\\\/\\\/www.lepradinas.fr\\\/wp-content\\\/uploads\\\/2024\\\/02\\\/guillemets-ouverts.png\"},{\"@type\":\"WebSite\",\"@id\":\"https:\\\/\\\/www.lepradinas.fr\\\/#website\",\"url\":\"https:\\\/\\\/www.lepradinas.fr\\\/\",\"name\":\"Le Pradinas - H\u00f4tel restaurant, \u00e0 Anduze, au c\u0153ur des C\u00e9vennes\",\"description\":\"H\u00f4tel restaurant &quot;Logis&quot; dans le Gard, \u00e0 proximit\u00e9 d&#039;Anduze en plein c\u0153ur des C\u00e9vennes\",\"potentialAction\":[{\"@type\":\"SearchAction\",\"target\":{\"@type\":\"EntryPoint\",\"urlTemplate\":\"https:\\\/\\\/www.lepradinas.fr\\\/?s={search_term_string}\"},\"query-input\":{\"@type\":\"PropertyValueSpecification\",\"valueRequired\":true,\"valueName\":\"search_term_string\"}}],\"inLanguage\":\"en-US\"}]}<\/script>\n<!-- \/ Yoast SEO plugin. -->","yoast_head_json":{"title":"Le Pradinas - Our hotel near Anduze in the C\u00e9vennes","description":"Your stay in the hotel Le Pradinas in the heart of the C\u00e9vennes, near Anduze's village, in the Gard department","robots":{"index":"index","follow":"follow","max-snippet":"max-snippet:-1","max-image-preview":"max-image-preview:large","max-video-preview":"max-video-preview:-1"},"canonical":"https:\/\/www.lepradinas.fr\/en\/stay\/","og_locale":"en_US","og_type":"article","og_title":"Le Pradinas - Our hotel near Anduze in the C\u00e9vennes","og_description":"Your stay in the hotel Le Pradinas in the heart of the C\u00e9vennes, near Anduze's village, in the Gard department","og_url":"https:\/\/www.lepradinas.fr\/en\/stay\/","og_site_name":"Le Pradinas - H\u00f4tel restaurant, \u00e0 Anduze, au c\u0153ur des C\u00e9vennes","article_modified_time":"2024-04-04T14:27:29+00:00","og_image":[{"url":"https:\/\/www.lepradinas.fr\/wp-content\/uploads\/2024\/02\/guillemets-ouverts.png","type":"","width":"","height":""}],"twitter_card":"summary_large_image","twitter_misc":{"Est. reading time":"8 minutes"},"schema":{"@context":"https:\/\/schema.org","@graph":[{"@type":"WebPage","@id":"https:\/\/www.lepradinas.fr\/en\/stay\/","url":"https:\/\/www.lepradinas.fr\/en\/stay\/","name":"Le Pradinas - Our hotel near Anduze in the C\u00e9vennes","isPartOf":{"@id":"https:\/\/www.lepradinas.fr\/#website"},"primaryImageOfPage":{"@id":"https:\/\/www.lepradinas.fr\/en\/stay\/#primaryimage"},"image":{"@id":"https:\/\/www.lepradinas.fr\/en\/stay\/#primaryimage"},"thumbnailUrl":"https:\/\/www.lepradinas.fr\/wp-content\/uploads\/2024\/02\/guillemets-ouverts.png","datePublished":"2024-04-04T14:27:28+00:00","dateModified":"2024-04-04T14:27:29+00:00","description":"Your stay in the hotel Le Pradinas in the heart of the C\u00e9vennes, near Anduze's village, in the Gard department","inLanguage":"en-US","potentialAction":[{"@type":"ReadAction","target":["https:\/\/www.lepradinas.fr\/en\/stay\/"]}]},{"@type":"ImageObject","inLanguage":"en-US","@id":"https:\/\/www.lepradinas.fr\/en\/stay\/#primaryimage","url":"https:\/\/www.lepradinas.fr\/wp-content\/uploads\/2024\/02\/guillemets-ouverts.png","contentUrl":"https:\/\/www.lepradinas.fr\/wp-content\/uploads\/2024\/02\/guillemets-ouverts.png"},{"@type":"WebSite","@id":"https:\/\/www.lepradinas.fr\/#website","url":"https:\/\/www.lepradinas.fr\/","name":"Le Pradinas - H\u00f4tel restaurant, \u00e0 Anduze, au c\u0153ur des C\u00e9vennes","description":"H\u00f4tel restaurant &quot;Logis&quot; dans le Gard, \u00e0 proximit\u00e9 d&#039;Anduze en plein c\u0153ur des C\u00e9vennes","potentialAction":[{"@type":"SearchAction","target":{"@type":"EntryPoint","urlTemplate":"https:\/\/www.lepradinas.fr\/?s={search_term_string}"},"query-input":{"@type":"PropertyValueSpecification","valueRequired":true,"valueName":"search_term_string"}}],"inLanguage":"en-US"}]}},"jetpack_sharing_enabled":true,"_links":{"self":[{"href":"https:\/\/www.lepradinas.fr\/en\/wp-json\/wp\/v2\/pages\/3914","targetHints":{"allow":["GET"]}}],"collection":[{"href":"https:\/\/www.lepradinas.fr\/en\/wp-json\/wp\/v2\/pages"}],"about":[{"href":"https:\/\/www.lepradinas.fr\/en\/wp-json\/wp\/v2\/types\/page"}],"author":[{"embeddable":true,"href":"https:\/\/www.lepradinas.fr\/en\/wp-json\/wp\/v2\/users\/1"}],"replies":[{"embeddable":true,"href":"https:\/\/www.lepradinas.fr\/en\/wp-json\/wp\/v2\/comments?post=3914"}],"version-history":[{"count":2,"href":"https:\/\/www.lepradinas.fr\/en\/wp-json\/wp\/v2\/pages\/3914\/revisions"}],"predecessor-version":[{"id":3916,"href":"https:\/\/www.lepradinas.fr\/en\/wp-json\/wp\/v2\/pages\/3914\/revisions\/3916"}],"wp:attachment":[{"href":"https:\/\/www.lepradinas.fr\/en\/wp-json\/wp\/v2\/media?parent=3914"}],"curies":[{"name":"wp","href":"https:\/\/api.w.org\/{rel}","templated":true}]}}