{"id":3910,"date":"2024-04-04T14:39:00","date_gmt":"2024-04-04T13:39:00","guid":{"rendered":"https:\/\/www.lepradinas.fr\/news\/"},"modified":"2024-04-04T14:39:01","modified_gmt":"2024-04-04T13:39:01","slug":"news","status":"publish","type":"page","link":"https:\/\/www.lepradinas.fr\/en\/news\/","title":{"rendered":"News"},"content":{"rendered":"<p>[et_pb_section fb_built=&#8221;1&#8243; fullwidth=&#8221;on&#8221; _builder_version=&#8221;4.9.4&#8243; _module_preset=&#8221;default&#8221; locked=&#8221;off&#8221;][et_pb_fullwidth_header title=&#8221;The news of the Pradinas&#8221; module_id=&#8221;ild_entete_plein_ecran&#8221; module_class=&#8221;ild_titre_centre&#8221; _builder_version=&#8221;4.9.4&#8243; _module_preset=&#8221;default&#8221; background_enable_color=&#8221;off&#8221; background_image=&#8221;https:\/\/www.lepradinas.fr\/wp-content\/uploads\/2024\/02\/terrasse-exterieure.webp&#8221;][\/et_pb_fullwidth_header][\/et_pb_section][et_pb_section fb_built=&#8221;1&#8243; _builder_version=&#8221;4.9.4&#8243; _module_preset=&#8221;default&#8221; background_enable_image=&#8221;off&#8221; background_size=&#8221;contain&#8221;][et_pb_row column_structure=&#8221;3_5,2_5&#8243; module_class=&#8221;ild_flex_ordi ild_align_center&#8221; _builder_version=&#8221;4.9.4&#8243; _module_preset=&#8221;default&#8221;][et_pb_column type=&#8221;3_5&#8243; _builder_version=&#8221;4.9.4&#8243; _module_preset=&#8221;default&#8221;][et_pb_text _builder_version=&#8221;4.9.4&#8243; _module_preset=&#8221;default&#8221;]<\/p>\n<h2>News of the Pradinas<\/h2>\n<p>[\/et_pb_text][et_pb_text _builder_version=&#8221;4.9.4&#8243; _module_preset=&#8221;default&#8221;]<\/p>\n<p>In this section we invite you to discover the latest news from the Domaine and <a href=\"https:\/\/www.lepradinas.fr\/en\/tourism-languedoc-roussillon-france\/\">our region<\/a>.<\/p>\n<p>[\/et_pb_text][\/et_pb_column][et_pb_column type=&#8221;2_5&#8243; _builder_version=&#8221;4.9.4&#8243; _module_preset=&#8221;default&#8221;][et_pb_image src=&#8221;https:\/\/www.lepradinas.fr\/wp-content\/uploads\/2024\/02\/peinture-pradinas-1200.jpg&#8221; alt=&#8221;Painting of the hotel Le Pradinas&#8221; title_text=&#8221;Painting of the hotel Le Pradinas&#8221; show_in_lightbox=&#8221;on&#8221; _builder_version=&#8221;4.9.4&#8243; _module_preset=&#8221;default&#8221;][\/et_pb_image][\/et_pb_column][\/et_pb_row][\/et_pb_section][et_pb_section fb_built=&#8221;1&#8243; module_class=&#8221;ild_bg_gris_clair &#8221; _builder_version=&#8221;4.9.4&#8243; _module_preset=&#8221;default&#8221;][et_pb_row module_class=&#8221;ild_ligne_plus_large &#8221; _builder_version=&#8221;4.9.4&#8243; _module_preset=&#8221;default&#8221;][et_pb_column type=&#8221;4_4&#8243; _builder_version=&#8221;4.9.4&#8243; _module_preset=&#8221;default&#8221;][et_pb_blog fullwidth=&#8221;off&#8221; posts_number=&#8221;9&#8243; include_categories=&#8221;all&#8221; excerpt_length=&#8221;150&#8243; show_more=&#8221;on&#8221; show_author=&#8221;off&#8221; show_date=&#8221;off&#8221; show_categories=&#8221;off&#8221; module_class=&#8221;ild_blog_actualites&#8221; _builder_version=&#8221;4.9.4&#8243; _module_preset=&#8221;default&#8221;][\/et_pb_blog][\/et_pb_column][\/et_pb_row][\/et_pb_section][et_pb_section fb_built=&#8221;1&#8243; _builder_version=&#8221;4.9.4&#8243; _module_preset=&#8221;default&#8221;][et_pb_row _builder_version=&#8221;4.9.4&#8243; _module_preset=&#8221;default&#8221;][et_pb_column type=&#8221;4_4&#8243; _builder_version=&#8221;4.9.4&#8243; _module_preset=&#8221;default&#8221;][et_pb_text _builder_version=&#8221;4.9.4&#8243; _module_preset=&#8221;default&#8221; hover_enabled=&#8221;0&#8243; sticky_enabled=&#8221;0&#8243;]<\/p>\n<h2 style=\"text-align: center;\">Le Pradinas &#8211; The restaurant<\/h2>\n<p>[\/et_pb_text][et_pb_text _builder_version=&#8221;4.9.4&#8243; _module_preset=&#8221;default&#8221;]<\/p>\n<p style=\"text-align: center;\">At <strong>Le Pradinas<\/strong>, you&#8217;ll find all the <strong>specialities of the C\u00e9vennes<\/strong> region on offer every day.<br \/>Antoine Plantier, in the <strong>kitchen<\/strong>, will help you discover them in an enchanting setting.<\/p>\n<p>[\/et_pb_text][\/et_pb_column][\/et_pb_row][et_pb_row module_class=&#8221;ild_ligne_plus_large &#8221; _builder_version=&#8221;4.9.4&#8243; _module_preset=&#8221;default&#8221;][et_pb_column type=&#8221;4_4&#8243; _builder_version=&#8221;4.9.4&#8243; _module_preset=&#8221;default&#8221;][et_pb_gallery gallery_ids=&#8221;3317,3319,3321,3323,3325,434,3327,3329,3331,3333,3335,3337,3339,3341,3343,3345,3347,3349&#8243; posts_number=&#8221;12&#8243; show_title_and_caption=&#8221;off&#8221; admin_label=&#8221;Galerie&#8221; module_class=&#8221;ild_galerie_grille&#8221; _builder_version=&#8221;4.9.4&#8243; hover_enabled=&#8221;0&#8243; use_border_color=&#8221;off&#8221; border_color=&#8221;#ffffff&#8221; border_style=&#8221;solid&#8221; sticky_enabled=&#8221;0&#8243; locked=&#8221;off&#8221;][\/et_pb_gallery][\/et_pb_column][\/et_pb_row][\/et_pb_section][et_pb_section fb_built=&#8221;1&#8243; module_class=&#8221;ild_bg_gris_clair &#8221; _builder_version=&#8221;4.9.4&#8243; _module_preset=&#8221;default&#8221;][et_pb_row _builder_version=&#8221;4.9.4&#8243; _module_preset=&#8221;default&#8221;][et_pb_column type=&#8221;4_4&#8243; _builder_version=&#8221;4.9.4&#8243; _module_preset=&#8221;default&#8221;][et_pb_text _builder_version=&#8221;4.9.4&#8243; _module_preset=&#8221;default&#8221; hover_enabled=&#8221;0&#8243; sticky_enabled=&#8221;0&#8243;]<\/p>\n<h2 style=\"text-align: center;\">Le Pradinas &#8211; The hotel<\/h2>\n<p>[\/et_pb_text][et_pb_text _builder_version=&#8221;4.9.4&#8243; _module_preset=&#8221;default&#8221;]<\/p>\n<p style=\"text-align: center;\">To stay at <strong>Le Pradinas<\/strong> is to combine the beauty of the <strong>C\u00e9vennes<\/strong> with that of an <strong>18th-century C\u00e9vennes farmhouse<\/strong> restored with taste and passion by the Plantier family.<br \/>It also means enjoying our <strong>Mediterranean climate<\/strong> by the <strong>pool<\/strong>.<\/p>\n<p>[\/et_pb_text][\/et_pb_column][\/et_pb_row][et_pb_row module_class=&#8221;ild_ligne_plus_large &#8221; _builder_version=&#8221;4.9.4&#8243; _module_preset=&#8221;default&#8221;][et_pb_column type=&#8221;4_4&#8243; _builder_version=&#8221;4.9.4&#8243; _module_preset=&#8221;default&#8221;][et_pb_gallery gallery_ids=&#8221;3224,3226,3234,3228,3230,3232,3236,3238,3240,2040,388,390,391,901,392,393,395,396,400,407,408,409,410,411,412,413,414,416,3242,3244,3246,3248,3250,3252,3254,3256,3258,3260,3262,3264,3266,3268,3270,3272,3274,3276,3278,3280&#8243; posts_number=&#8221;12&#8243; show_title_and_caption=&#8221;off&#8221; admin_label=&#8221;Galerie&#8221; module_class=&#8221;ild_galerie_grille&#8221; _builder_version=&#8221;4.9.4&#8243; hover_enabled=&#8221;0&#8243; use_border_color=&#8221;off&#8221; border_color=&#8221;#ffffff&#8221; border_style=&#8221;solid&#8221; sticky_enabled=&#8221;0&#8243; locked=&#8221;off&#8221;][\/et_pb_gallery][\/et_pb_column][\/et_pb_row][\/et_pb_section][et_pb_section fb_built=&#8221;1&#8243; module_class=&#8221;ild_padding_150_0&#8243; _builder_version=&#8221;4.9.4&#8243; _module_preset=&#8221;default&#8221; locked=&#8221;off&#8221;][et_pb_row _builder_version=&#8221;4.9.4&#8243; _module_preset=&#8221;default&#8221;][et_pb_column type=&#8221;4_4&#8243; _builder_version=&#8221;4.9.4&#8243; _module_preset=&#8221;default&#8221;][et_pb_text _builder_version=&#8221;4.9.4&#8243; _module_preset=&#8221;default&#8221;]<\/p>\n<h2 style=\"text-align: center;\">Discover also in the Pradinas<\/h2>\n<p>[\/et_pb_text][\/et_pb_column][\/et_pb_row][et_pb_row column_structure=&#8221;1_3,1_3,1_3&#8243; module_class=&#8221;ild_ligne_plus_large ild_flex ild_ligne_speciale_3_images&#8221; _builder_version=&#8221;4.9.4&#8243; _module_preset=&#8221;default&#8221;][et_pb_column type=&#8221;1_3&#8243; _builder_version=&#8221;4.9.4&#8243; _module_preset=&#8221;default&#8221;][et_pb_image src=&#8221;https:\/\/www.lepradinas.fr\/wp-content\/uploads\/2024\/02\/chambres-equipees.jpg&#8221; alt=&#8221;hotel&apos;s rooms equipped&#8221; title_text=&#8221;hotel&apos;s rooms equipped&#8221; _builder_version=&#8221;4.9.4&#8243; _module_preset=&#8221;default&#8221;][\/et_pb_image][et_pb_text _builder_version=&#8221;4.9.4&#8243; _module_preset=&#8221;default&#8221;]<\/p>\n<h3 style=\"text-align: center;\">Our rooms<\/h3>\n<p>[\/et_pb_text][et_pb_button button_url=&#8221;@ET-DC@eyJkeW5hbWljIjp0cnVlLCJjb250ZW50IjoicG9zdF9saW5rX3VybF9wYWdlIiwic2V0dGluZ3MiOnsicG9zdF9pZCI6IjIyODAiLCJlbmFibGVfaHRtbCI6Im9mZiJ9fQ==@&#8221; button_text=&#8221;Learn more&#8221; button_alignment=&#8221;center&#8221; module_class=&#8221;ild_bouton_marron&#8221; _builder_version=&#8221;4.9.4&#8243; _dynamic_attributes=&#8221;button_url&#8221; _module_preset=&#8221;default&#8221;][\/et_pb_button][\/et_pb_column][et_pb_column type=&#8221;1_3&#8243; _builder_version=&#8221;4.9.4&#8243; _module_preset=&#8221;default&#8221;][et_pb_image src=&#8221;https:\/\/www.lepradinas.fr\/wp-content\/uploads\/2024\/02\/sejour-le-pradinas-1.jpg&#8221; alt=&#8221;Hotel restaurant Le Pradinas in C\u00e9vennes&#8221; title_text=&#8221;Hotel restaurant Le Pradinas in C\u00e9vennes&#8221; _builder_version=&#8221;4.9.4&#8243; _module_preset=&#8221;default&#8221;][\/et_pb_image][et_pb_text _builder_version=&#8221;4.9.4&#8243; _module_preset=&#8221;default&#8221;]<\/p>\n<h3 style=\"text-align: center;\">Our hotel<\/h3>\n<p>[\/et_pb_text][et_pb_button button_url=&#8221;@ET-DC@eyJkeW5hbWljIjp0cnVlLCJjb250ZW50IjoicG9zdF9saW5rX3VybF9wYWdlIiwic2V0dGluZ3MiOnsicG9zdF9pZCI6IjU2IiwiZW5hYmxlX2h0bWwiOiJvZmYifX0=@&#8221; button_text=&#8221;Learn more&#8221; button_alignment=&#8221;center&#8221; module_class=&#8221;ild_bouton_marron&#8221; _builder_version=&#8221;4.9.4&#8243; _dynamic_attributes=&#8221;button_url&#8221; _module_preset=&#8221;default&#8221;][\/et_pb_button][\/et_pb_column][et_pb_column type=&#8221;1_3&#8243; _builder_version=&#8221;4.9.4&#8243; _module_preset=&#8221;default&#8221;][et_pb_image src=&#8221;https:\/\/www.lepradinas.fr\/wp-content\/uploads\/2024\/02\/fontaine.jpg&#8221; alt=&#8221;The fountain&#8221; title_text=&#8221;The fountain&#8221; _builder_version=&#8221;4.9.4&#8243; _module_preset=&#8221;default&#8221;][\/et_pb_image][et_pb_text _builder_version=&#8221;4.9.4&#8243; _module_preset=&#8221;default&#8221;]<\/p>\n<h3 style=\"text-align: center;\">Some links<\/h3>\n<p>[\/et_pb_text][et_pb_button button_url=&#8221;@ET-DC@eyJkeW5hbWljIjp0cnVlLCJjb250ZW50IjoicG9zdF9saW5rX3VybF9wYWdlIiwic2V0dGluZ3MiOnsicG9zdF9pZCI6IjY2IiwiZW5hYmxlX2h0bWwiOiJvZmYifX0=@&#8221; button_text=&#8221;Learn more&#8221; button_alignment=&#8221;center&#8221; module_class=&#8221;ild_bouton_marron&#8221; _builder_version=&#8221;4.9.4&#8243; _dynamic_attributes=&#8221;button_url&#8221; _module_preset=&#8221;default&#8221;][\/et_pb_button][\/et_pb_column][\/et_pb_row][\/et_pb_section]<\/p>\n","protected":false},"excerpt":{"rendered":"<p>News of the PradinasIn this section we invite you to discover the latest news from the Domaine and our region.Le Pradinas &#8211; The restaurantAt Le Pradinas, you&#8217;ll find all the specialities of the C\u00e9vennes region on offer every day.Antoine Plantier, in the kitchen, will help you discover them in an enchanting setting.Le Pradinas &#8211; The [&hellip;]<\/p>\n","protected":false},"author":1,"featured_media":0,"parent":0,"menu_order":0,"comment_status":"closed","ping_status":"closed","template":"","meta":{"_et_pb_use_builder":"on","_et_pb_old_content":"","_et_gb_content_width":"","footnotes":""},"class_list":["post-3910","page","type-page","status-publish","hentry"],"yoast_head":"<!-- This site is optimized with the Yoast SEO plugin v27.3 - https:\/\/yoast.com\/product\/yoast-seo-wordpress\/ -->\n<title>Le Pradinas - News<\/title>\n<meta name=\"description\" content=\"The news of the hotel restaurant Le Pradinas in C\u00e9vennes, in the Gard department near the Loz\u00e8re department.\" \/>\n<meta name=\"robots\" content=\"index, follow, max-snippet:-1, max-image-preview:large, max-video-preview:-1\" \/>\n<link rel=\"canonical\" href=\"https:\/\/www.lepradinas.fr\/en\/news\/\" \/>\n<meta property=\"og:locale\" content=\"en_US\" \/>\n<meta property=\"og:type\" content=\"article\" \/>\n<meta property=\"og:title\" content=\"Le Pradinas - News\" \/>\n<meta property=\"og:description\" content=\"The news of the hotel restaurant Le Pradinas in C\u00e9vennes, in the Gard department near the Loz\u00e8re department.\" \/>\n<meta property=\"og:url\" content=\"https:\/\/www.lepradinas.fr\/en\/news\/\" \/>\n<meta property=\"og:site_name\" content=\"Le Pradinas - H\u00f4tel restaurant, \u00e0 Anduze, au c\u0153ur des C\u00e9vennes\" \/>\n<meta property=\"article:modified_time\" content=\"2024-04-04T13:39:01+00:00\" \/>\n<meta name=\"twitter:card\" content=\"summary_large_image\" \/>\n<meta name=\"twitter:label1\" content=\"Est. reading time\" \/>\n\t<meta name=\"twitter:data1\" content=\"5 minutes\" \/>\n<script type=\"application\/ld+json\" class=\"yoast-schema-graph\">{\"@context\":\"https:\\\/\\\/schema.org\",\"@graph\":[{\"@type\":\"WebPage\",\"@id\":\"https:\\\/\\\/www.lepradinas.fr\\\/en\\\/news\\\/\",\"url\":\"https:\\\/\\\/www.lepradinas.fr\\\/en\\\/news\\\/\",\"name\":\"Le Pradinas - News\",\"isPartOf\":{\"@id\":\"https:\\\/\\\/www.lepradinas.fr\\\/#website\"},\"datePublished\":\"2024-04-04T13:39:00+00:00\",\"dateModified\":\"2024-04-04T13:39:01+00:00\",\"description\":\"The news of the hotel restaurant Le Pradinas in C\u00e9vennes, in the Gard department near the Loz\u00e8re department.\",\"inLanguage\":\"en-US\",\"potentialAction\":[{\"@type\":\"ReadAction\",\"target\":[\"https:\\\/\\\/www.lepradinas.fr\\\/en\\\/news\\\/\"]}]},{\"@type\":\"WebSite\",\"@id\":\"https:\\\/\\\/www.lepradinas.fr\\\/#website\",\"url\":\"https:\\\/\\\/www.lepradinas.fr\\\/\",\"name\":\"Le Pradinas - H\u00f4tel restaurant, \u00e0 Anduze, au c\u0153ur des C\u00e9vennes\",\"description\":\"H\u00f4tel restaurant &quot;Logis&quot; dans le Gard, \u00e0 proximit\u00e9 d&#039;Anduze en plein c\u0153ur des C\u00e9vennes\",\"potentialAction\":[{\"@type\":\"SearchAction\",\"target\":{\"@type\":\"EntryPoint\",\"urlTemplate\":\"https:\\\/\\\/www.lepradinas.fr\\\/?s={search_term_string}\"},\"query-input\":{\"@type\":\"PropertyValueSpecification\",\"valueRequired\":true,\"valueName\":\"search_term_string\"}}],\"inLanguage\":\"en-US\"}]}<\/script>\n<!-- \/ Yoast SEO plugin. -->","yoast_head_json":{"title":"Le Pradinas - News","description":"The news of the hotel restaurant Le Pradinas in C\u00e9vennes, in the Gard department near the Loz\u00e8re department.","robots":{"index":"index","follow":"follow","max-snippet":"max-snippet:-1","max-image-preview":"max-image-preview:large","max-video-preview":"max-video-preview:-1"},"canonical":"https:\/\/www.lepradinas.fr\/en\/news\/","og_locale":"en_US","og_type":"article","og_title":"Le Pradinas - News","og_description":"The news of the hotel restaurant Le Pradinas in C\u00e9vennes, in the Gard department near the Loz\u00e8re department.","og_url":"https:\/\/www.lepradinas.fr\/en\/news\/","og_site_name":"Le Pradinas - H\u00f4tel restaurant, \u00e0 Anduze, au c\u0153ur des C\u00e9vennes","article_modified_time":"2024-04-04T13:39:01+00:00","twitter_card":"summary_large_image","twitter_misc":{"Est. reading time":"5 minutes"},"schema":{"@context":"https:\/\/schema.org","@graph":[{"@type":"WebPage","@id":"https:\/\/www.lepradinas.fr\/en\/news\/","url":"https:\/\/www.lepradinas.fr\/en\/news\/","name":"Le Pradinas - News","isPartOf":{"@id":"https:\/\/www.lepradinas.fr\/#website"},"datePublished":"2024-04-04T13:39:00+00:00","dateModified":"2024-04-04T13:39:01+00:00","description":"The news of the hotel restaurant Le Pradinas in C\u00e9vennes, in the Gard department near the Loz\u00e8re department.","inLanguage":"en-US","potentialAction":[{"@type":"ReadAction","target":["https:\/\/www.lepradinas.fr\/en\/news\/"]}]},{"@type":"WebSite","@id":"https:\/\/www.lepradinas.fr\/#website","url":"https:\/\/www.lepradinas.fr\/","name":"Le Pradinas - H\u00f4tel restaurant, \u00e0 Anduze, au c\u0153ur des C\u00e9vennes","description":"H\u00f4tel restaurant &quot;Logis&quot; dans le Gard, \u00e0 proximit\u00e9 d&#039;Anduze en plein c\u0153ur des C\u00e9vennes","potentialAction":[{"@type":"SearchAction","target":{"@type":"EntryPoint","urlTemplate":"https:\/\/www.lepradinas.fr\/?s={search_term_string}"},"query-input":{"@type":"PropertyValueSpecification","valueRequired":true,"valueName":"search_term_string"}}],"inLanguage":"en-US"}]}},"jetpack_sharing_enabled":true,"_links":{"self":[{"href":"https:\/\/www.lepradinas.fr\/en\/wp-json\/wp\/v2\/pages\/3910","targetHints":{"allow":["GET"]}}],"collection":[{"href":"https:\/\/www.lepradinas.fr\/en\/wp-json\/wp\/v2\/pages"}],"about":[{"href":"https:\/\/www.lepradinas.fr\/en\/wp-json\/wp\/v2\/types\/page"}],"author":[{"embeddable":true,"href":"https:\/\/www.lepradinas.fr\/en\/wp-json\/wp\/v2\/users\/1"}],"replies":[{"embeddable":true,"href":"https:\/\/www.lepradinas.fr\/en\/wp-json\/wp\/v2\/comments?post=3910"}],"version-history":[{"count":2,"href":"https:\/\/www.lepradinas.fr\/en\/wp-json\/wp\/v2\/pages\/3910\/revisions"}],"predecessor-version":[{"id":3912,"href":"https:\/\/www.lepradinas.fr\/en\/wp-json\/wp\/v2\/pages\/3910\/revisions\/3912"}],"wp:attachment":[{"href":"https:\/\/www.lepradinas.fr\/en\/wp-json\/wp\/v2\/media?parent=3910"}],"curies":[{"name":"wp","href":"https:\/\/api.w.org\/{rel}","templated":true}]}}