{"id":3524,"date":"2024-04-04T08:58:26","date_gmt":"2024-04-04T07:58:26","guid":{"rendered":"https:\/\/www.lepradinas.fr\/rooms\/"},"modified":"2024-04-04T08:58:32","modified_gmt":"2024-04-04T07:58:32","slug":"rooms","status":"publish","type":"page","link":"https:\/\/www.lepradinas.fr\/en\/rooms\/","title":{"rendered":"Rooms"},"content":{"rendered":"<p>[et_pb_section fb_built=&#8221;1&#8243; fullwidth=&#8221;on&#8221; _builder_version=&#8221;4.9.4&#8243; _module_preset=&#8221;default&#8221;][et_pb_fullwidth_header title=&#8221;Rooms at Le Pradinas in the C\u00e9vennes&#8221; module_id=&#8221;ild_entete_plein_ecran&#8221; module_class=&#8221;ild_titre_centre&#8221; _builder_version=&#8221;4.9.4&#8243; _module_preset=&#8221;default&#8221; background_enable_color=&#8221;off&#8221; background_image=&#8221;https:\/\/www.lepradinas.fr\/wp-content\/uploads\/2024\/02\/chambres-hotel-1.webp&#8221;][\/et_pb_fullwidth_header][\/et_pb_section][et_pb_section fb_built=&#8221;1&#8243; module_class=&#8221;ild_padding_150_0&#8243; _builder_version=&#8221;4.9.4&#8243; _module_preset=&#8221;default&#8221;][et_pb_row _builder_version=&#8221;4.9.4&#8243; _module_preset=&#8221;default&#8221; background_image=&#8221;https:\/\/www.lepradinas.fr\/wp-content\/uploads\/2024\/02\/fond-logo.webp&#8221; background_size=&#8221;contain&#8221;][et_pb_column type=&#8221;4_4&#8243; _builder_version=&#8221;4.9.4&#8243; _module_preset=&#8221;default&#8221;][et_pb_text _builder_version=&#8221;4.9.4&#8243; _module_preset=&#8221;default&#8221;]<\/p>\n<h2 style=\"text-align: center;\">Discover calm and comfort of our rooms<\/h2>\n<p>[\/et_pb_text][et_pb_text _builder_version=&#8221;4.9.4&#8243; _module_preset=&#8221;default&#8221;]<\/p>\n<p style=\"text-align: center;\">25 personalized <strong>rooms<\/strong> to recharge your batteries in the <strong>C\u00e9vennes<\/strong>.<\/p>\n<p style=\"text-align: center;\">Staying at Le <strong>Pradinas<\/strong> means combining the beauty of the <strong>C\u00e9vennes<\/strong> with that of an 18th-century C\u00e9vennes <strong>farmhouse<\/strong> restored with taste and passion by the Plantier family.<br \/>It also means enjoying our <strong>Mediterranean climate<\/strong> by the <strong>pool<\/strong>.<\/p>\n<p>[\/et_pb_text][\/et_pb_column][\/et_pb_row][\/et_pb_section][et_pb_section fb_built=&#8221;1&#8243; admin_label=&#8221;Section confort&#8221; module_class=&#8221;ild_bg_gris_clair&#8221; _builder_version=&#8221;4.9.4&#8243; _module_preset=&#8221;default&#8221;][et_pb_row column_structure=&#8221;3_5,2_5&#8243; module_class=&#8221;ild_flex_ordi ild_ligne_plus_large &#8221; _builder_version=&#8221;4.9.4&#8243; _module_preset=&#8221;default&#8221;][et_pb_column type=&#8221;3_5&#8243; _builder_version=&#8221;4.9.4&#8243; _module_preset=&#8221;default&#8221;][et_pb_image src=&#8221;https:\/\/www.lepradinas.fr\/wp-content\/uploads\/2024\/03\/1.-Photo-principale.jpg&#8221; alt=&#8221;Le Pradinas &#8211; Comfort rooms&#8221; title_text=&#8221;Le Pradinas &#8211; Comfort rooms&#8221; _builder_version=&#8221;4.9.4&#8243; _module_preset=&#8221;default&#8221;][\/et_pb_image][\/et_pb_column][et_pb_column type=&#8221;2_5&#8243; _builder_version=&#8221;4.9.4&#8243; _module_preset=&#8221;default&#8221;][et_pb_text _builder_version=&#8221;4.9.4&#8243; _module_preset=&#8221;default&#8221;]<\/p>\n<h2 style=\"text-align: center;\">Comfort<\/h2>\n<p>[\/et_pb_text][et_pb_text _builder_version=&#8221;4.9.4&#8243; _module_preset=&#8221;default&#8221;]<\/p>\n<p style=\"text-align: center;\">The comfort room offers you a haven of peace and well-being <br \/>between 20 and 25 m\u00b2 in size<\/p>\n<p>[\/et_pb_text][et_pb_button button_url=&#8221;@ET-DC@eyJkeW5hbWljIjp0cnVlLCJjb250ZW50IjoicG9zdF9saW5rX3VybF9wYWdlIiwic2V0dGluZ3MiOnsicG9zdF9pZCI6IjIzNzAifX0=@&#8221; button_text=&#8221;Discover&#8221; button_alignment=&#8221;center&#8221; module_class=&#8221;ild_bouton_marron&#8221; _builder_version=&#8221;4.9.4&#8243; _dynamic_attributes=&#8221;button_url&#8221; _module_preset=&#8221;default&#8221;][\/et_pb_button][\/et_pb_column][\/et_pb_row][\/et_pb_section][et_pb_section fb_built=&#8221;1&#8243; admin_label=&#8221;Section prestige&#8221; _builder_version=&#8221;4.9.4&#8243; _module_preset=&#8221;default&#8221;][et_pb_row column_structure=&#8221;1_3,2_3&#8243; module_class=&#8221;ild_flex_ordi ild_flex_colonne_inverse_resp ild_2_colonnes_resp ild_ligne_plus_large &#8221; _builder_version=&#8221;4.9.4&#8243; _module_preset=&#8221;default&#8221;][et_pb_column type=&#8221;1_3&#8243; _builder_version=&#8221;4.9.4&#8243; _module_preset=&#8221;default&#8221;][et_pb_text _builder_version=&#8221;4.9.4&#8243; _module_preset=&#8221;default&#8221;]<\/p>\n<h2 style=\"text-align: center;\">Prestige<\/h2>\n<p>[\/et_pb_text][et_pb_text _builder_version=&#8221;4.9.4&#8243; _module_preset=&#8221;default&#8221;]<\/p>\n<p style=\"text-align: center;\">The prestige room embodies elegance and refinement, spacious and bright<br \/>between 35 and 40 m\u00b2 in size<\/p>\n<p>[\/et_pb_text][et_pb_button button_url=&#8221;@ET-DC@eyJkeW5hbWljIjp0cnVlLCJjb250ZW50IjoicG9zdF9saW5rX3VybF9wYWdlIiwic2V0dGluZ3MiOnsicG9zdF9pZCI6IjI1MzgifX0=@&#8221; button_text=&#8221;Discover&#8221; button_alignment=&#8221;center&#8221; module_class=&#8221;ild_bouton_marron&#8221; _builder_version=&#8221;4.9.4&#8243; _dynamic_attributes=&#8221;button_url&#8221; _module_preset=&#8221;default&#8221;][\/et_pb_button][\/et_pb_column][et_pb_column type=&#8221;2_3&#8243; _builder_version=&#8221;4.9.4&#8243; _module_preset=&#8221;default&#8221;][et_pb_image src=&#8221;https:\/\/www.lepradinas.fr\/wp-content\/uploads\/2024\/03\/prestige.jpg&#8221; alt=&#8221;Le Pradinas &#8211; Prestiges rooms&#8221; title_text=&#8221;Le Pradinas &#8211; Prestiges rooms&#8221; _builder_version=&#8221;4.9.4&#8243; _module_preset=&#8221;default&#8221;][\/et_pb_image][\/et_pb_column][\/et_pb_row][\/et_pb_section][et_pb_section fb_built=&#8221;1&#8243; admin_label=&#8221;Section triple&#8221; module_class=&#8221;ild_bg_gris_clair&#8221; _builder_version=&#8221;4.9.4&#8243; _module_preset=&#8221;default&#8221;][et_pb_row column_structure=&#8221;3_5,2_5&#8243; module_class=&#8221;ild_flex_ordi ild_ligne_plus_large &#8221; _builder_version=&#8221;4.9.4&#8243; _module_preset=&#8221;default&#8221;][et_pb_column type=&#8221;3_5&#8243; _builder_version=&#8221;4.9.4&#8243; _module_preset=&#8221;default&#8221;][et_pb_image src=&#8221;https:\/\/www.lepradinas.fr\/wp-content\/uploads\/2024\/03\/triple.jpg&#8221; alt=&#8221;Le Pradinas &#8211; triple rooms&#8221; title_text=&#8221;Le Pradinas &#8211; triple rooms&#8221; _builder_version=&#8221;4.9.4&#8243; _module_preset=&#8221;default&#8221;][\/et_pb_image][\/et_pb_column][et_pb_column type=&#8221;2_5&#8243; _builder_version=&#8221;4.9.4&#8243; _module_preset=&#8221;default&#8221;][et_pb_text _builder_version=&#8221;4.9.4&#8243; _module_preset=&#8221;default&#8221;]<\/p>\n<h2 style=\"text-align: center;\">Triple<\/h2>\n<p>[\/et_pb_text][et_pb_text _builder_version=&#8221;4.9.4&#8243; _module_preset=&#8221;default&#8221;]<\/p>\n<p style=\"text-align: center;\">The triple room is designed to offer a generous 25 m\u00b2 of space.<\/p>\n<p>[\/et_pb_text][et_pb_button button_url=&#8221;@ET-DC@eyJkeW5hbWljIjp0cnVlLCJjb250ZW50IjoicG9zdF9saW5rX3VybF9wYWdlIiwic2V0dGluZ3MiOnsicG9zdF9pZCI6IjI1NjQifX0=@&#8221; button_text=&#8221;Discover&#8221; button_alignment=&#8221;center&#8221; module_class=&#8221;ild_bouton_marron&#8221; _builder_version=&#8221;4.9.4&#8243; _dynamic_attributes=&#8221;button_url&#8221; _module_preset=&#8221;default&#8221;][\/et_pb_button][\/et_pb_column][\/et_pb_row][\/et_pb_section][et_pb_section fb_built=&#8221;1&#8243; admin_label=&#8221;Section quadruple&#8221; _builder_version=&#8221;4.9.4&#8243; _module_preset=&#8221;default&#8221;][et_pb_row column_structure=&#8221;1_3,2_3&#8243; module_class=&#8221;ild_flex_ordi ild_flex_colonne_inverse_resp ild_2_colonnes_resp ild_ligne_plus_large &#8221; _builder_version=&#8221;4.9.4&#8243; _module_preset=&#8221;default&#8221;][et_pb_column type=&#8221;1_3&#8243; _builder_version=&#8221;4.9.4&#8243; _module_preset=&#8221;default&#8221;][et_pb_text _builder_version=&#8221;4.9.4&#8243; _module_preset=&#8221;default&#8221;]<\/p>\n<h2 style=\"text-align: center;\">Quadruple<\/h2>\n<p>[\/et_pb_text][et_pb_text _builder_version=&#8221;4.9.4&#8243; _module_preset=&#8221;default&#8221;]<\/p>\n<p style=\"text-align: center;\">A spacious space and comfortable for the families of 50 m\u00b2<\/p>\n<p>[\/et_pb_text][et_pb_button button_url=&#8221;@ET-DC@eyJkeW5hbWljIjp0cnVlLCJjb250ZW50IjoicG9zdF9saW5rX3VybF9wYWdlIiwic2V0dGluZ3MiOnsicG9zdF9pZCI6IjI1NjgifX0=@&#8221; button_text=&#8221;Discover&#8221; button_alignment=&#8221;center&#8221; module_class=&#8221;ild_bouton_marron&#8221; _builder_version=&#8221;4.9.4&#8243; _dynamic_attributes=&#8221;button_url&#8221; _module_preset=&#8221;default&#8221;][\/et_pb_button][\/et_pb_column][et_pb_column type=&#8221;2_3&#8243; _builder_version=&#8221;4.9.4&#8243; _module_preset=&#8221;default&#8221;][et_pb_image src=&#8221;https:\/\/www.lepradinas.fr\/wp-content\/uploads\/2024\/03\/quadruple-1.jpg&#8221; alt=&#8221;Le Pradinas &#8211; Quadruple rooms&#8221; title_text=&#8221;Le Pradinas &#8211; Quadruple rooms&#8221; _builder_version=&#8221;4.9.4&#8243; _module_preset=&#8221;default&#8221;][\/et_pb_image][\/et_pb_column][\/et_pb_row][\/et_pb_section][et_pb_section fb_built=&#8221;1&#8243; admin_label=&#8221;Section standard&#8221; module_class=&#8221;ild_bg_gris_clair&#8221; _builder_version=&#8221;4.9.4&#8243; _module_preset=&#8221;default&#8221;][et_pb_row column_structure=&#8221;3_5,2_5&#8243; module_class=&#8221;ild_flex_ordi ild_ligne_plus_large &#8221; _builder_version=&#8221;4.9.4&#8243; _module_preset=&#8221;default&#8221;][et_pb_column type=&#8221;3_5&#8243; _builder_version=&#8221;4.9.4&#8243; _module_preset=&#8221;default&#8221;][et_pb_image src=&#8221;https:\/\/www.lepradinas.fr\/wp-content\/uploads\/2024\/03\/standard-paysage.jpg&#8221; alt=&#8221;Le Pradinas &#8211; Standard rooms&#8221; title_text=&#8221;Le Pradinas &#8211; Standard rooms&#8221; _builder_version=&#8221;4.9.4&#8243; _module_preset=&#8221;default&#8221;][\/et_pb_image][\/et_pb_column][et_pb_column type=&#8221;2_5&#8243; _builder_version=&#8221;4.9.4&#8243; _module_preset=&#8221;default&#8221;][et_pb_text _builder_version=&#8221;4.9.4&#8243; _module_preset=&#8221;default&#8221;]<\/p>\n<h2 style=\"text-align: center;\">Standard<\/h2>\n<p>[\/et_pb_text][et_pb_text _builder_version=&#8221;4.9.4&#8243; _module_preset=&#8221;default&#8221;]<\/p>\n<p style=\"text-align: center;\">Simplicity, comfort and tranquillity, rooms of 18 m\u00b2.<\/p>\n<p>[\/et_pb_text][et_pb_button button_url=&#8221;@ET-DC@eyJkeW5hbWljIjp0cnVlLCJjb250ZW50IjoicG9zdF9saW5rX3VybF9wYWdlIiwic2V0dGluZ3MiOnsicG9zdF9pZCI6IjI1NzIifX0=@&#8221; button_text=&#8221;Discover&#8221; button_alignment=&#8221;center&#8221; module_class=&#8221;ild_bouton_marron&#8221; _builder_version=&#8221;4.9.4&#8243; _dynamic_attributes=&#8221;button_url&#8221; _module_preset=&#8221;default&#8221;][\/et_pb_button][\/et_pb_column][\/et_pb_row][\/et_pb_section][et_pb_section fb_built=&#8221;1&#8243; module_class=&#8221;ild_padding_150_0&#8243; _builder_version=&#8221;4.9.4&#8243; _module_preset=&#8221;default&#8221; locked=&#8221;off&#8221;][et_pb_row _builder_version=&#8221;4.9.4&#8243; _module_preset=&#8221;default&#8221;][et_pb_column type=&#8221;4_4&#8243; _builder_version=&#8221;4.9.4&#8243; _module_preset=&#8221;default&#8221;][et_pb_text _builder_version=&#8221;4.9.4&#8243; _module_preset=&#8221;default&#8221;]<\/p>\n<h2 style=\"text-align: center;\">Also discover at Pradinas<\/h2>\n<p>[\/et_pb_text][\/et_pb_column][\/et_pb_row][et_pb_row column_structure=&#8221;1_3,1_3,1_3&#8243; module_class=&#8221;ild_ligne_plus_large ild_flex ild_ligne_speciale_3_images&#8221; _builder_version=&#8221;4.9.4&#8243; _module_preset=&#8221;default&#8221;][et_pb_column type=&#8221;1_3&#8243; _builder_version=&#8221;4.9.4&#8243; _module_preset=&#8221;default&#8221;][et_pb_image src=&#8221;https:\/\/www.lepradinas.fr\/wp-content\/uploads\/2024\/02\/fontaine.jpg&#8221; alt=&#8221;The fountain&#8221; title_text=&#8221;The fountain&#8221; _builder_version=&#8221;4.9.4&#8243; _module_preset=&#8221;default&#8221;][\/et_pb_image][et_pb_text _builder_version=&#8221;4.9.4&#8243; _module_preset=&#8221;default&#8221;]<\/p>\n<h3 style=\"text-align: center;\">Some links<\/h3>\n<p>[\/et_pb_text][et_pb_button button_url=&#8221;@ET-DC@eyJkeW5hbWljIjp0cnVlLCJjb250ZW50IjoicG9zdF9saW5rX3VybF9wYWdlIiwic2V0dGluZ3MiOnsicG9zdF9pZCI6IjY2In19@&#8221; button_text=&#8221;Learn more&#8221; button_alignment=&#8221;center&#8221; module_class=&#8221;ild_bouton_marron&#8221; _builder_version=&#8221;4.9.4&#8243; _dynamic_attributes=&#8221;button_url&#8221; _module_preset=&#8221;default&#8221;][\/et_pb_button][\/et_pb_column][et_pb_column type=&#8221;1_3&#8243; _builder_version=&#8221;4.9.4&#8243; _module_preset=&#8221;default&#8221;][et_pb_image src=&#8221;https:\/\/www.lepradinas.fr\/wp-content\/uploads\/2024\/02\/produits-frais.jpg&#8221; alt=&#8221;Restaurant with fresh C\u00e9vennes products&#8221; title_text=&#8221;Restaurant with fresh C\u00e9vennes products&#8221; _builder_version=&#8221;4.9.4&#8243; _module_preset=&#8221;default&#8221;][\/et_pb_image][et_pb_text _builder_version=&#8221;4.9.4&#8243; _module_preset=&#8221;default&#8221;]<\/p>\n<h3 style=\"text-align: center;\">Our restaurant<\/h3>\n<p>[\/et_pb_text][et_pb_button button_url=&#8221;@ET-DC@eyJkeW5hbWljIjp0cnVlLCJjb250ZW50IjoicG9zdF9saW5rX3VybF9wYWdlIiwic2V0dGluZ3MiOnsicG9zdF9pZCI6IjU4In19@&#8221; button_text=&#8221;Learn more&#8221; button_alignment=&#8221;center&#8221; module_class=&#8221;ild_bouton_marron&#8221; _builder_version=&#8221;4.9.4&#8243; _dynamic_attributes=&#8221;button_url&#8221; _module_preset=&#8221;default&#8221;][\/et_pb_button][\/et_pb_column][et_pb_column type=&#8221;1_3&#8243; _builder_version=&#8221;4.9.4&#8243; _module_preset=&#8221;default&#8221;][et_pb_image src=&#8221;https:\/\/www.lepradinas.fr\/wp-content\/uploads\/2024\/02\/chataignes.jpg&#8221; alt=&#8221;C\u00e9vennes&apos;s chestnuts&#8221; title_text=&#8221;C\u00e9vennes&apos;s chestnuts&#8221; _builder_version=&#8221;4.9.4&#8243; _module_preset=&#8221;default&#8221;][\/et_pb_image][et_pb_text _builder_version=&#8221;4.9.4&#8243; _module_preset=&#8221;default&#8221;]<\/p>\n<h3 style=\"text-align: center;\">Our region<\/h3>\n<p>[\/et_pb_text][et_pb_button button_url=&#8221;@ET-DC@eyJkeW5hbWljIjp0cnVlLCJjb250ZW50IjoicG9zdF9saW5rX3VybF9wYWdlIiwic2V0dGluZ3MiOnsicG9zdF9pZCI6IjY0In19@&#8221; button_text=&#8221;Learn more&#8221; button_alignment=&#8221;center&#8221; module_class=&#8221;ild_bouton_marron&#8221; _builder_version=&#8221;4.9.4&#8243; _dynamic_attributes=&#8221;button_url&#8221; _module_preset=&#8221;default&#8221;][\/et_pb_button][\/et_pb_column][\/et_pb_row][\/et_pb_section]<\/p>\n","protected":false},"excerpt":{"rendered":"<p>Discover calm and comfort of our rooms25 personalized rooms to recharge your batteries in the C\u00e9vennes. Staying at Le Pradinas means combining the beauty of the C\u00e9vennes with that of an 18th-century C\u00e9vennes farmhouse restored with taste and passion by the Plantier family.It also means enjoying our Mediterranean climate by the pool.ComfortThe comfort room offers [&hellip;]<\/p>\n","protected":false},"author":1,"featured_media":0,"parent":0,"menu_order":0,"comment_status":"closed","ping_status":"closed","template":"","meta":{"_et_pb_use_builder":"on","_et_pb_old_content":"","_et_gb_content_width":"","footnotes":""},"class_list":["post-3524","page","type-page","status-publish","hentry"],"yoast_head":"<!-- This site is optimized with the Yoast SEO plugin v27.3 - https:\/\/yoast.com\/product\/yoast-seo-wordpress\/ -->\n<title>Rooms of the hotel Le Pradinas in C\u00e9vennes<\/title>\n<meta name=\"description\" content=\"Discover the comfortables rooms at Le Pradinas hotel-restaurant-lodge in Mialet, in Gard, in the heart of th C\u00e9vennes\" \/>\n<meta name=\"robots\" content=\"index, follow, max-snippet:-1, max-image-preview:large, max-video-preview:-1\" \/>\n<link rel=\"canonical\" href=\"https:\/\/www.lepradinas.fr\/en\/rooms\/\" \/>\n<meta property=\"og:locale\" content=\"en_US\" \/>\n<meta property=\"og:type\" content=\"article\" \/>\n<meta property=\"og:title\" content=\"Rooms of the hotel Le Pradinas in C\u00e9vennes\" \/>\n<meta property=\"og:description\" content=\"Discover the comfortables rooms at Le Pradinas hotel-restaurant-lodge in Mialet, in Gard, in the heart of th C\u00e9vennes\" \/>\n<meta property=\"og:url\" content=\"https:\/\/www.lepradinas.fr\/en\/rooms\/\" \/>\n<meta property=\"og:site_name\" content=\"Le Pradinas - H\u00f4tel restaurant, \u00e0 Anduze, au c\u0153ur des C\u00e9vennes\" \/>\n<meta property=\"article:modified_time\" content=\"2024-04-04T07:58:32+00:00\" \/>\n<meta name=\"twitter:card\" content=\"summary_large_image\" \/>\n<meta name=\"twitter:label1\" content=\"Est. reading time\" \/>\n\t<meta name=\"twitter:data1\" content=\"8 minutes\" \/>\n<script type=\"application\/ld+json\" class=\"yoast-schema-graph\">{\"@context\":\"https:\\\/\\\/schema.org\",\"@graph\":[{\"@type\":\"WebPage\",\"@id\":\"https:\\\/\\\/www.lepradinas.fr\\\/en\\\/rooms\\\/\",\"url\":\"https:\\\/\\\/www.lepradinas.fr\\\/en\\\/rooms\\\/\",\"name\":\"Rooms of the hotel Le Pradinas in C\u00e9vennes\",\"isPartOf\":{\"@id\":\"https:\\\/\\\/www.lepradinas.fr\\\/#website\"},\"datePublished\":\"2024-04-04T07:58:26+00:00\",\"dateModified\":\"2024-04-04T07:58:32+00:00\",\"description\":\"Discover the comfortables rooms at Le Pradinas hotel-restaurant-lodge in Mialet, in Gard, in the heart of th C\u00e9vennes\",\"inLanguage\":\"en-US\",\"potentialAction\":[{\"@type\":\"ReadAction\",\"target\":[\"https:\\\/\\\/www.lepradinas.fr\\\/en\\\/rooms\\\/\"]}]},{\"@type\":\"WebSite\",\"@id\":\"https:\\\/\\\/www.lepradinas.fr\\\/#website\",\"url\":\"https:\\\/\\\/www.lepradinas.fr\\\/\",\"name\":\"Le Pradinas - H\u00f4tel restaurant, \u00e0 Anduze, au c\u0153ur des C\u00e9vennes\",\"description\":\"H\u00f4tel restaurant &quot;Logis&quot; dans le Gard, \u00e0 proximit\u00e9 d&#039;Anduze en plein c\u0153ur des C\u00e9vennes\",\"potentialAction\":[{\"@type\":\"SearchAction\",\"target\":{\"@type\":\"EntryPoint\",\"urlTemplate\":\"https:\\\/\\\/www.lepradinas.fr\\\/?s={search_term_string}\"},\"query-input\":{\"@type\":\"PropertyValueSpecification\",\"valueRequired\":true,\"valueName\":\"search_term_string\"}}],\"inLanguage\":\"en-US\"}]}<\/script>\n<!-- \/ Yoast SEO plugin. -->","yoast_head_json":{"title":"Rooms of the hotel Le Pradinas in C\u00e9vennes","description":"Discover the comfortables rooms at Le Pradinas hotel-restaurant-lodge in Mialet, in Gard, in the heart of th C\u00e9vennes","robots":{"index":"index","follow":"follow","max-snippet":"max-snippet:-1","max-image-preview":"max-image-preview:large","max-video-preview":"max-video-preview:-1"},"canonical":"https:\/\/www.lepradinas.fr\/en\/rooms\/","og_locale":"en_US","og_type":"article","og_title":"Rooms of the hotel Le Pradinas in C\u00e9vennes","og_description":"Discover the comfortables rooms at Le Pradinas hotel-restaurant-lodge in Mialet, in Gard, in the heart of th C\u00e9vennes","og_url":"https:\/\/www.lepradinas.fr\/en\/rooms\/","og_site_name":"Le Pradinas - H\u00f4tel restaurant, \u00e0 Anduze, au c\u0153ur des C\u00e9vennes","article_modified_time":"2024-04-04T07:58:32+00:00","twitter_card":"summary_large_image","twitter_misc":{"Est. reading time":"8 minutes"},"schema":{"@context":"https:\/\/schema.org","@graph":[{"@type":"WebPage","@id":"https:\/\/www.lepradinas.fr\/en\/rooms\/","url":"https:\/\/www.lepradinas.fr\/en\/rooms\/","name":"Rooms of the hotel Le Pradinas in C\u00e9vennes","isPartOf":{"@id":"https:\/\/www.lepradinas.fr\/#website"},"datePublished":"2024-04-04T07:58:26+00:00","dateModified":"2024-04-04T07:58:32+00:00","description":"Discover the comfortables rooms at Le Pradinas hotel-restaurant-lodge in Mialet, in Gard, in the heart of th C\u00e9vennes","inLanguage":"en-US","potentialAction":[{"@type":"ReadAction","target":["https:\/\/www.lepradinas.fr\/en\/rooms\/"]}]},{"@type":"WebSite","@id":"https:\/\/www.lepradinas.fr\/#website","url":"https:\/\/www.lepradinas.fr\/","name":"Le Pradinas - H\u00f4tel restaurant, \u00e0 Anduze, au c\u0153ur des C\u00e9vennes","description":"H\u00f4tel restaurant &quot;Logis&quot; dans le Gard, \u00e0 proximit\u00e9 d&#039;Anduze en plein c\u0153ur des C\u00e9vennes","potentialAction":[{"@type":"SearchAction","target":{"@type":"EntryPoint","urlTemplate":"https:\/\/www.lepradinas.fr\/?s={search_term_string}"},"query-input":{"@type":"PropertyValueSpecification","valueRequired":true,"valueName":"search_term_string"}}],"inLanguage":"en-US"}]}},"jetpack_sharing_enabled":true,"_links":{"self":[{"href":"https:\/\/www.lepradinas.fr\/en\/wp-json\/wp\/v2\/pages\/3524","targetHints":{"allow":["GET"]}}],"collection":[{"href":"https:\/\/www.lepradinas.fr\/en\/wp-json\/wp\/v2\/pages"}],"about":[{"href":"https:\/\/www.lepradinas.fr\/en\/wp-json\/wp\/v2\/types\/page"}],"author":[{"embeddable":true,"href":"https:\/\/www.lepradinas.fr\/en\/wp-json\/wp\/v2\/users\/1"}],"replies":[{"embeddable":true,"href":"https:\/\/www.lepradinas.fr\/en\/wp-json\/wp\/v2\/comments?post=3524"}],"version-history":[{"count":5,"href":"https:\/\/www.lepradinas.fr\/en\/wp-json\/wp\/v2\/pages\/3524\/revisions"}],"predecessor-version":[{"id":3529,"href":"https:\/\/www.lepradinas.fr\/en\/wp-json\/wp\/v2\/pages\/3524\/revisions\/3529"}],"wp:attachment":[{"href":"https:\/\/www.lepradinas.fr\/en\/wp-json\/wp\/v2\/media?parent=3524"}],"curies":[{"name":"wp","href":"https:\/\/api.w.org\/{rel}","templated":true}]}}